{"id":10,"date":"2022-03-15T20:23:16","date_gmt":"2022-03-15T20:23:16","guid":{"rendered":"https:\/\/afist.ro\/?page_id=10"},"modified":"2024-04-15T16:45:16","modified_gmt":"2024-04-15T16:45:16","slug":"activitati-educationale","status":"publish","type":"page","link":"https:\/\/afist.ro\/en\/activitati-educationale\/","title":{"rendered":"Educational activities"},"content":{"rendered":"<p>Cursuri menite s\u0103 contribuie la dezvoltarea personal\u0103 \u0219i consolidarea cuno\u0219tin\u021belor \u00een domeniile tehnice \u0219i de business, adresate nu numai studen\u021bilor, ci \u0219i tuturor celor interesa\u021bi de subiecte relevante. Aceste cursuri v\u0103 ofer\u0103 ocazia de a intra \u00een contact cu speciali\u0219ti din diverse domenii \u0219i de a dob\u00e2ndi cuno\u0219tin\u021be valoroase \u0219i aplicabile \u00een via\u021ba de zi cu zi. Al\u0103tura\u021bi-v\u0103 comunit\u0103\u021bii noastre \u0219i explora\u021bi oportunit\u0103\u021bile educa\u021bionale oferite de proiectele AFIST.<\/p>\n\n\n\n<div class=\"wp-block-media-text alignwide is-stacked-on-mobile\"><figure class=\"wp-block-media-text__media\"><img loading=\"lazy\" decoding=\"async\" width=\"1080\" height=\"1350\" src=\"https:\/\/afist.ro\/wp-content\/uploads\/2024\/04\/WhatsApp-Image-2023-12-19-at-11.48.07_01f62d45.jpg\" alt=\"\" class=\"wp-image-1156 size-full\"\/><\/figure><div class=\"wp-block-media-text__content\">\n<p class=\"has-text-align-center has-white-color has-vivid-green-cyan-background-color has-text-color has-background\"><strong>14 octombrie 2023<\/strong><\/p>\n\n\n\n<p class=\"has-large-font-size\"><strong>Face your fears &#8211; Cum gestion\u0103m perioadele stresante din via\u021ba de adult<\/strong> <\/p>\n\n\n\n<p class=\"has-text-align-left\">\u00cen data de 14.10.2023 echipa AFIST a implementat cel de-al doilea eveniment din cadrul proiectului <strong>\u2018\u2019Face your fears&nbsp;!\u2019\u2019<\/strong>. Biblioteca Centrala a UNSTPB \u2013 partenerul nostru de sprijin pentru evenimente educa\u021bionale &#8211; a g\u0103zduit timp de 4 ore un schimb de idei \u0219i solu\u021bii cu \u00eensemn\u0103tate pentru s\u0103n\u0103tatea mintal\u0103 a studen\u021bilor. De la cum ne recunoa\u0219tem st\u0103rile, la cum le gestion\u0103m pentru a p\u0103stra un echilibru \u00een via\u021ba noastr\u0103, participan\u021bii au avut deschiderea s\u0103 \u00eemp\u0103rt\u0103\u0219easc\u0103 din experien\u021bele \u0219i opiniile lor privind momentele provocatoare pe care le-au \u00eent\u00e2mpinat. <\/p>\n\n\n\n<div class=\"wp-block-buttons is-layout-flex wp-block-buttons-is-layout-flex\">\n<div class=\"wp-block-button\"><a class=\"wp-block-button__link has-white-color has-vivid-green-cyan-background-color has-text-color has-background wp-element-button\" href=\"https:\/\/afist.ro\/en\/face-your-fears-cum-gestionam-perioadele-stresante-din-viata-de-adult\/\" target=\"_blank\" rel=\"noreferrer noopener\">More<\/a><\/div>\n<\/div>\n<\/div><\/div>\n\n\n\n<div class=\"wp-block-media-text alignwide is-stacked-on-mobile\"><figure class=\"wp-block-media-text__media\"><img loading=\"lazy\" decoding=\"async\" width=\"612\" height=\"753\" src=\"https:\/\/afist.ro\/wp-content\/uploads\/2023\/11\/IMG_4615.jpeg\" alt=\"\" class=\"wp-image-898 size-full\"\/><\/figure><div class=\"wp-block-media-text__content\">\n<p class=\"has-text-align-center has-white-color has-vivid-green-cyan-background-color has-text-color has-background\"><strong>8th April 2023<\/strong><\/p>\n\n\n\n<p class=\"has-large-font-size\"><strong>Engineering in real life<\/strong> <\/p>\n\n\n\n<p class=\"has-text-align-left\">On the 8th of April, a first event of  the \u201dEngineering in real life\u201d project has been taking place at CTMB centre, bringing together speakers and students willing to explore the world of an electro-power engineer.<\/p>\n\n\n\n<div class=\"wp-block-buttons is-layout-flex wp-block-buttons-is-layout-flex\">\n<div class=\"wp-block-button\"><a class=\"wp-block-button__link has-white-color has-vivid-green-cyan-background-color has-text-color has-background wp-element-button\" href=\"https:\/\/afist.ro\/en\/activitati-educationale\/engineering-in-real-life\/\" target=\"_blank\" rel=\"noreferrer noopener\">More<\/a><\/div>\n<\/div>\n<\/div><\/div>\n\n\n\n<div class=\"wp-block-media-text alignwide is-stacked-on-mobile\"><figure class=\"wp-block-media-text__media\"><img loading=\"lazy\" decoding=\"async\" width=\"1440\" height=\"1800\" src=\"https:\/\/afist.ro\/wp-content\/uploads\/2023\/03\/331960918_526403796270323_5679314018871364020_n.jpg\" alt=\"\" class=\"wp-image-676 size-full\"\/><\/figure><div class=\"wp-block-media-text__content\">\n<p class=\"has-text-align-center has-white-color has-vivid-green-cyan-background-color has-text-color has-background\"><strong>4th March 2023<\/strong><\/p>\n\n\n\n<p class=\"has-large-font-size\"><strong>Face your fears - Opportunities and challenges in the STEM field<\/strong><\/p>\n\n\n\n<p>The \u201dOpportunities and challenges in the STEM field\u201d event has represented the beginning of the \u201cFace your fears!\u201d project \u2013 a new AFIST programme aiming to meet the psychological and emotional needs of the STEM young generation. Due to our partner \u2013 \u201cPOLITEHNICA\u201d University of Bucharest \u2013 the event took place in the Central Library of the academic institution, where enthusiast participants debated complex topics.<\/p>\n\n\n\n<p>The \u201dOpportunities and challenges in the STEM field\u201d event has represented a first step aiming to meet the cognitive \u2013 emotional needs of the young generation, a unique manner of showing support and encouraging the future experts.<\/p>\n\n\n\n<div class=\"wp-block-buttons is-layout-flex wp-block-buttons-is-layout-flex\">\n<div class=\"wp-block-button\"><a class=\"wp-block-button__link has-white-color has-vivid-green-cyan-background-color has-text-color has-background wp-element-button\" href=\"https:\/\/afist.ro\/en\/activitati-educationale\/face-your-fears-oportunitati-si-provocari-in-domeniul-stem\/\" target=\"_blank\" rel=\"noreferrer noopener\">More<\/a><\/div>\n<\/div>\n<\/div><\/div>\n\n\n\n<div class=\"wp-block-media-text alignwide is-stacked-on-mobile\"><figure class=\"wp-block-media-text__media\"><img loading=\"lazy\" decoding=\"async\" width=\"1080\" height=\"1350\" src=\"https:\/\/afist.ro\/wp-content\/uploads\/2023\/11\/IMG_4614.jpeg\" alt=\"\" class=\"wp-image-899 size-full\"\/><\/figure><div class=\"wp-block-media-text__content\">\n<p class=\"has-text-align-center has-white-color has-vivid-green-cyan-background-color has-text-color has-background\"><strong>28 februarie 2023<\/strong><\/p>\n\n\n\n<p class=\"has-large-font-size\"><strong>Dose of Science, Engineering, and Tech<\/strong><\/p>\n\n\n\n<p class=\"has-text-align-left translation-block\">Dose of Science, Engineering, and Tech is a program developed for young people, students, and not only, who want to invest in their professional careers. Through this program, we want to bring participants as close as possible to the reality of the field in which they want to work. This program is composed of events consisting of visits to different companies\/institutes in several fields of activity.<\/p>\n\n\n\n<div class=\"wp-block-buttons is-layout-flex wp-block-buttons-is-layout-flex\">\n<div class=\"wp-block-button\"><a class=\"wp-block-button__link has-white-color has-vivid-green-cyan-background-color has-text-color has-background wp-element-button\" href=\"https:\/\/afist.ro\/en\/activitati-educationale\/dose-of-science-engineering-and-tech\/\" target=\"_blank\" rel=\"noreferrer noopener\">More<\/a><\/div>\n<\/div>\n<\/div><\/div>\n\n\n\n<div class=\"wp-block-cover alignfull is-light\" style=\"min-height:436px;aspect-ratio:unset;\"><span aria-hidden=\"true\" class=\"wp-block-cover__background has-background-dim-100 has-background-dim\" style=\"background-color:#ffffff\"><\/span><div class=\"wp-block-cover__inner-container is-layout-flow wp-block-cover-is-layout-flow\">\n<div class=\"wp-block-media-text alignwide is-stacked-on-mobile is-vertically-aligned-center\"><figure class=\"wp-block-media-text__media\"><img loading=\"lazy\" decoding=\"async\" width=\"1440\" height=\"1800\" src=\"https:\/\/afist.ro\/wp-content\/uploads\/2022\/12\/312100986_169327962350976_6155709624801339951_n.jpg\" alt=\"\" class=\"wp-image-454 size-full\"\/><\/figure><div class=\"wp-block-media-text__content\">\n<p class=\"has-text-align-center has-white-color has-vivid-green-cyan-background-color has-text-color has-background\"><strong>5 noiembrie 2022<\/strong><\/p>\n\n\n\n<h2 class=\"wp-block-heading has-large-font-size\"><strong>I want to be an entrepreneur!<\/strong> <\/h2>\n\n\n\n<p>Saturday, 5 November, the event \"I want to be an entrepreneur!\" took place. in the series \"Let's grow together!\".<\/p>\n\n\n\n<p>The event took place at the Library of the Polytechnic University of Bucharest and included presentations and free discussions about entrepreneurship, starting from the validation of the project idea to its financing.<\/p>\n\n\n\n<div class=\"wp-block-buttons is-layout-flex wp-block-buttons-is-layout-flex\">\n<div class=\"wp-block-button is-style-fill\"><a class=\"wp-block-button__link has-white-color has-vivid-green-cyan-background-color has-text-color has-background wp-element-button\" href=\"https:\/\/afist.ro\/en\/vreau-sa-fiu-antreprenor\/\">More<\/a><\/div>\n<\/div>\n<\/div><\/div>\n<\/div><\/div>\n\n\n\n<p><\/p>\n\n\n\n<div class=\"wp-block-media-text alignwide is-stacked-on-mobile\"><figure class=\"wp-block-media-text__media\"><img loading=\"lazy\" decoding=\"async\" width=\"828\" height=\"828\" src=\"https:\/\/afist.ro\/wp-content\/uploads\/2022\/12\/311419269_165962276020878_8620206298962907008_n.jpg\" alt=\"\" class=\"wp-image-396 size-full\"\/><\/figure><div class=\"wp-block-media-text__content\">\n<p class=\"has-text-align-center has-white-color has-vivid-green-cyan-background-color has-text-color has-background\"><strong>15 octombrie 2022<\/strong><\/p>\n\n\n\n<p class=\"has-large-font-size\"><strong>How do I get a job?<\/strong> <\/p>\n\n\n\n<p class=\"has-text-align-left\" style=\"font-size:17px\">     On Saturday 15 October the first event of the series \"Let's grow together - How do I engage?\" took place. The event took place at the Library of Politehinica University in Bucharest. We would like to thank them for their support<\/p>\n\n\n\n<div class=\"wp-block-buttons is-layout-flex wp-block-buttons-is-layout-flex\">\n<div class=\"wp-block-button is-style-fill\"><a class=\"wp-block-button__link has-white-color has-vivid-green-cyan-background-color has-text-color has-background wp-element-button\" href=\"https:\/\/afist.ro\/en\/eu-cum-ma-angajez\/\">More<\/a><\/div>\n<\/div>\n<\/div><\/div>","protected":false},"excerpt":{"rendered":"<p>Cursuri menite s\u0103 contribuie la dezvoltarea personal\u0103 \u0219i consolidarea cuno\u0219tin\u021belor \u00een domeniile tehnice \u0219i de business, adresate nu numai studen\u021bilor, ci \u0219i tuturor&hellip;<a href=\"https:\/\/afist.ro\/en\/activitati-educationale\/\" class=\"more-link\"><span class=\"more-button\">More<span class=\"screen-reader-text\">Educational activities<\/span><\/span><\/a><\/p>","protected":false},"author":1,"featured_media":0,"parent":0,"menu_order":0,"comment_status":"closed","ping_status":"closed","template":"","meta":{"ngg_post_thumbnail":0,"footnotes":""},"class_list":["post-10","page","type-page","status-publish","hentry"],"_links":{"self":[{"href":"https:\/\/afist.ro\/en\/wp-json\/wp\/v2\/pages\/10","targetHints":{"allow":["GET"]}}],"collection":[{"href":"https:\/\/afist.ro\/en\/wp-json\/wp\/v2\/pages"}],"about":[{"href":"https:\/\/afist.ro\/en\/wp-json\/wp\/v2\/types\/page"}],"author":[{"embeddable":true,"href":"https:\/\/afist.ro\/en\/wp-json\/wp\/v2\/users\/1"}],"replies":[{"embeddable":true,"href":"https:\/\/afist.ro\/en\/wp-json\/wp\/v2\/comments?post=10"}],"version-history":[{"count":35,"href":"https:\/\/afist.ro\/en\/wp-json\/wp\/v2\/pages\/10\/revisions"}],"predecessor-version":[{"id":1163,"href":"https:\/\/afist.ro\/en\/wp-json\/wp\/v2\/pages\/10\/revisions\/1163"}],"wp:attachment":[{"href":"https:\/\/afist.ro\/en\/wp-json\/wp\/v2\/media?parent=10"}],"curies":[{"name":"wp","href":"https:\/\/api.w.org\/{rel}","templated":true}]}}