{"id":1131,"date":"2024-04-01T18:46:24","date_gmt":"2024-04-01T18:46:24","guid":{"rendered":"https:\/\/afist.ro\/?page_id=1131"},"modified":"2024-04-01T19:24:35","modified_gmt":"2024-04-01T19:24:35","slug":"activitate-2023","status":"publish","type":"page","link":"https:\/\/afist.ro\/en\/activitate-2023\/","title":{"rendered":"2023 Activity"},"content":{"rendered":"<p>Bine a\u021bi venit \u00een sec\u021biunea dedicat\u0103 raportului anual pentru anul 2023 al Asocia\u021biei Femeilor \u00een Inginerie, \u0218tiin\u021b\u0103 \u0219i Tehnologie &#8211; AFIST! Aici pute\u021bi descoperi realiz\u0103rile noastre, ini\u021biativele \u0219i angajamentul continuu fa\u021b\u0103 de promovarea femeilor \u00een domeniile STEM \u0219i crearea unei comunit\u0103\u021bi de sprijin pentru indivizii din domeniile tehnice \u00een care ace\u0219tia se pot conecta, ajuta \u0219i evolua \u00eempreun\u0103.<br>\u00cen acest raport, v\u0103 invit\u0103m s\u0103 explora\u021bi detaliile activit\u0103\u021bilor noastre, proiectele de succes \u0219i impactul pe care l-am avut asupra comunit\u0103\u021bii \u0219i a societ\u0103\u021bii. De la evenimente inspira\u021bionale \u0219i programe de mentorat p\u00e2n\u0103 la ini\u021biative de advocacy \u0219i colabor\u0103ri strategice, AFIST a r\u0103mas un sus\u021bin\u0103tor de n\u0103dejde pentru persoanele pasionate de \u0219tiin\u021b\u0103, tehnologie, inginerie \u0219i matematic\u0103.<br>Eforturile noastre s-au concentrat pe promovarea egalit\u0103\u021bii de \u0219anse \u0219i a diversit\u0103\u021bii \u00een domeniile STEM, oferind suport \u0219i resurse esen\u021biale pentru persoanele care aspir\u0103 s\u0103 \u00ee\u0219i urmeze pasiunea \u00een aceste domenii competitive. \u00cempreun\u0103, am realizat progrese semnificative \u00een direc\u021bia unei societ\u0103\u021bi mai incluzive \u0219i mai echitabile.<br>Pe parcursul anului 2023, am organizat o varietate de evenimente educa\u021bionale, seminarii \u0219i ateliere interactive, care au oferit participan\u021bilor oportunit\u0103\u021bi valoroase de \u00eenv\u0103\u021bare \u0219i dezvoltare profesional\u0103. De la discu\u021bii despre inova\u021bie tehnologic\u0103 p\u00e2n\u0103 la workshop-uri practice de inginerie, am \u00eencurajat excelen\u021ba \u00een fiecare aspect al carierei STEM.<br>De asemenea, am continuat s\u0103 consolid\u0103m parteneriatele noastre strategice cu organiza\u021bii din industrie, institu\u021bii academice \u0219i agen\u021bii guvernamentale pentru a promova schimbul de cuno\u0219tin\u021be \u0219i pentru a crea o re\u021bea solid\u0103 de sprijin pentru indivizii din domeniile STEM.<br>V\u0103 invit\u0103m s\u0103 descoperi\u021bi mai multe despre munca noastr\u0103, s\u0103 explora\u021bi raportul nostru anual complet \u0219i s\u0103 v\u0103 al\u0103tura\u021bi misiunii noastre de a construi un viitor mai luminos \u0219i mai inclusiv pentru to\u021bi.<\/p>\n\n\n\n<div data-wp-interactive=\"core\/file\" class=\"wp-block-file\"><object data-wp-bind--hidden=\"!state.hasPdfPreview\" hidden class=\"wp-block-file__embed\" data=\"https:\/\/afist.ro\/wp-content\/uploads\/2024\/04\/raport-AFIST2023.pdf\" type=\"application\/pdf\" style=\"width:100%;height:974px\" aria-label=\"Embed of Raport AFIST2023.\"><\/object><a id=\"wp-block-file--media-3ebfc363-bf71-4e13-b739-57615d973d38\" href=\"https:\/\/afist.ro\/wp-content\/uploads\/2024\/04\/raport-AFIST2023.pdf\">Raport AFIST2023<\/a><\/div>\n\n\n\n<p><\/p>","protected":false},"excerpt":{"rendered":"<p>Bine a\u021bi venit \u00een sec\u021biunea dedicat\u0103 raportului anual pentru anul 2023 al Asocia\u021biei Femeilor \u00een Inginerie, \u0218tiin\u021b\u0103 \u0219i Tehnologie &#8211; AFIST! Aici pute\u021bi&hellip;<a href=\"https:\/\/afist.ro\/en\/activitate-2023\/\" class=\"more-link\"><span class=\"more-button\">More<span class=\"screen-reader-text\">2023 Activity<\/span><\/span><\/a><\/p>","protected":false},"author":1,"featured_media":0,"parent":0,"menu_order":0,"comment_status":"closed","ping_status":"closed","template":"","meta":{"ngg_post_thumbnail":0,"footnotes":""},"class_list":["post-1131","page","type-page","status-publish","hentry"],"_links":{"self":[{"href":"https:\/\/afist.ro\/en\/wp-json\/wp\/v2\/pages\/1131","targetHints":{"allow":["GET"]}}],"collection":[{"href":"https:\/\/afist.ro\/en\/wp-json\/wp\/v2\/pages"}],"about":[{"href":"https:\/\/afist.ro\/en\/wp-json\/wp\/v2\/types\/page"}],"author":[{"embeddable":true,"href":"https:\/\/afist.ro\/en\/wp-json\/wp\/v2\/users\/1"}],"replies":[{"embeddable":true,"href":"https:\/\/afist.ro\/en\/wp-json\/wp\/v2\/comments?post=1131"}],"version-history":[{"count":10,"href":"https:\/\/afist.ro\/en\/wp-json\/wp\/v2\/pages\/1131\/revisions"}],"predecessor-version":[{"id":1143,"href":"https:\/\/afist.ro\/en\/wp-json\/wp\/v2\/pages\/1131\/revisions\/1143"}],"wp:attachment":[{"href":"https:\/\/afist.ro\/en\/wp-json\/wp\/v2\/media?parent=1131"}],"curies":[{"name":"wp","href":"https:\/\/api.w.org\/{rel}","templated":true}]}}