{"id":231,"date":"2022-09-27T10:07:02","date_gmt":"2022-09-27T10:07:02","guid":{"rendered":"https:\/\/afist.ro\/?page_id=231"},"modified":"2022-09-27T10:48:43","modified_gmt":"2022-09-27T10:48:43","slug":"echipa-noastra","status":"publish","type":"page","link":"https:\/\/afist.ro\/en\/echipa-noastra\/","title":{"rendered":"Our team"},"content":{"rendered":"<div class='rt-container-fluid rt-team-container rt-pos-r rt-team-container-238' id='rt-team-container-1748546502'  data-layout='layout1' data-desktop-col='5'  data-tab-col='3'  data-mobile-col='1' data-sc-id='238' data-popup-bg=''><div data-title='Loading ...' class='rt-row rt-content-loader layout1 ttp-even ttp-pre-loader'><div class='rt-col-md-24 rt-col-sm-4 rt-col-xs-12 even-grid-item rt-grid-item' data-id='211'><div class=\"single-team-area\"><div class=\"single-team\"><figure><a class=\"\" data-id=\"211\" target=\"_self\" href=\"https:\/\/afist.ro\/en\/team\/nicoleta-safca\/\"><img loading=\"lazy\" decoding=\"async\" width=\"123\" height=\"150\" src=\"https:\/\/afist.ro\/wp-content\/uploads\/2022\/09\/WhatsApp-Image-2022-09-27-at-10.30.39.jpeg\" class=\"img-responsive rt-team-img\" alt=\"Nicoleta Safca\" \/><\/a><\/figure><\/div><div class='tlp-content'><h3><span class=\"team-name\"><a class=\"\" data-id=\"211\" target=\"_self\" title=\"Nicoleta Safca\" href=\"https:\/\/afist.ro\/en\/team\/nicoleta-safca\/\">Nicoleta Safca<\/a><\/span><\/h3><div class=\"tlp-position\"><a class=\"\" data-id=\"211\" target=\"_self\" title=\"Nicoleta Safca\" href=\"https:\/\/afist.ro\/en\/team\/nicoleta-safca\/\">Cofondator \u0219i Pre\u0219edinte AFIST<\/a><\/div><\/div><div class='contact-info'><ul><li><i class=\"far fa-envelope\"><\/i><a href=\"mailto:nicoleta.safca@afist.ro\"><span class=\"tlp-email\">nicoleta.safca@afist.ro<\/span><\/a><\/li><\/ul><\/div><div class=\"social-icons\"><a href='http:\/\/linkedin.com\/in\/nicoleta-safca-776a82b8' title='linkedin' target='_blank'><i class='fab fa-linkedin'><\/i><\/a><\/div><\/div><\/div><div class=\"rt-loading-overlay\"><\/div><div class=\"rt-loading rt-ball-clip-rotate\"><div><\/div><\/div><\/div><\/div>\n\n<div class='rt-container-fluid rt-team-container rt-pos-r rt-team-container-239' id='rt-team-container-1531984009'  data-layout='layout1' data-desktop-col='5'  data-tab-col='3'  data-mobile-col='1' data-sc-id='239' data-popup-bg=''><div data-title='Loading ...' class='rt-row rt-content-loader layout1 ttp-even ttp-pre-loader'><div class='rt-col-md-24 rt-col-sm-4 rt-col-xs-12 even-grid-item rt-grid-item' data-id='264'><div class=\"single-team-area\"><div class=\"single-team\"><figure><a class=\"\" data-id=\"264\" target=\"_self\" href=\"https:\/\/afist.ro\/en\/team\/ana-maria-manaila\/\"><img loading=\"lazy\" decoding=\"async\" width=\"113\" height=\"150\" src=\"https:\/\/afist.ro\/wp-content\/uploads\/2022\/09\/WhatsApp-Image-2022-09-27-at-14.05.19.jpeg\" class=\"img-responsive rt-team-img\" alt=\"Ana-Maria M\u0103n\u0103il\u0103\" \/><\/a><\/figure><\/div><div class='tlp-content'><h3><span class=\"team-name\"><a class=\"\" data-id=\"264\" target=\"_self\" title=\"Ana-Maria M\u0103n\u0103il\u0103\" href=\"https:\/\/afist.ro\/en\/team\/ana-maria-manaila\/\">Ana-Maria M\u0103n\u0103il\u0103<\/a><\/span><\/h3><div class=\"tlp-position\"><a class=\"\" data-id=\"264\" target=\"_self\" title=\"Ana-Maria M\u0103n\u0103il\u0103\" href=\"https:\/\/afist.ro\/en\/team\/ana-maria-manaila\/\">Content Designer in cadrul Departamentului de PR, Coordonator Direc\u021bia Dezvoltare \u0219i Oportunit\u0103\u021bi Profesionale<\/a><\/div><\/div><div class='contact-info'><ul><li><i class=\"far fa-envelope\"><\/i><a href=\"mailto:ana.manaila@afist.ro\"><span class=\"tlp-email\">ana.manaila@afist.ro<\/span><\/a><\/li><\/ul><\/div><\/div><\/div><div class='rt-col-md-24 rt-col-sm-4 rt-col-xs-12 even-grid-item rt-grid-item' data-id='206'><div class=\"single-team-area\"><div class=\"single-team\"><figure><a class=\"\" data-id=\"206\" target=\"_self\" href=\"https:\/\/afist.ro\/en\/team\/elena-cotorceanu\/\"><img loading=\"lazy\" decoding=\"async\" width=\"150\" height=\"113\" src=\"https:\/\/afist.ro\/wp-content\/uploads\/2022\/09\/IMG_20220927_1020061849.jpg\" class=\"img-responsive rt-team-img\" alt=\"Elena Cotorceanu\" \/><\/a><\/figure><\/div><div class='tlp-content'><h3><span class=\"team-name\"><a class=\"\" data-id=\"206\" target=\"_self\" title=\"Elena Cotorceanu\" href=\"https:\/\/afist.ro\/en\/team\/elena-cotorceanu\/\">Elena Cotorceanu<\/a><\/span><\/h3><div class=\"tlp-position\"><a class=\"\" data-id=\"206\" target=\"_self\" title=\"Elena Cotorceanu\" href=\"https:\/\/afist.ro\/en\/team\/elena-cotorceanu\/\">Coordonator Direc\u021bia Mentorat \u0219i Cofondator AFIST<\/a><\/div><\/div><\/div><\/div><div class='rt-col-md-24 rt-col-sm-4 rt-col-xs-12 even-grid-item rt-grid-item' data-id='202'><div class=\"single-team-area\"><div class=\"single-team\"><figure><a class=\"\" data-id=\"202\" target=\"_self\" href=\"https:\/\/afist.ro\/en\/team\/irina-avram\/\"><img loading=\"lazy\" decoding=\"async\" width=\"113\" height=\"150\" src=\"https:\/\/afist.ro\/wp-content\/uploads\/2022\/09\/WhatsApp-Image-2022-09-27-at-10.20.14.jpeg\" class=\"img-responsive rt-team-img\" alt=\"Irina Avram\" \/><\/a><\/figure><\/div><div class='tlp-content'><h3><span class=\"team-name\"><a class=\"\" data-id=\"202\" target=\"_self\" title=\"Irina Avram\" href=\"https:\/\/afist.ro\/en\/team\/irina-avram\/\">Irina Avram<\/a><\/span><\/h3><div class=\"tlp-position\"><a class=\"\" data-id=\"202\" target=\"_self\" title=\"Irina Avram\" href=\"https:\/\/afist.ro\/en\/team\/irina-avram\/\">Coordonator Oportunit\u0103\u021bi Internship\/Practica \u0219i Cofondator AFIST<\/a><\/div><\/div><div class='contact-info'><ul><li><i class=\"far fa-envelope\"><\/i><a href=\"mailto:irina.avram@afist.ro\"><span class=\"tlp-email\">irina.avram@afist.ro<\/span><\/a><\/li><\/ul><\/div><\/div><\/div><div class='rt-col-md-24 rt-col-sm-4 rt-col-xs-12 even-grid-item rt-grid-item' data-id='203'><div class=\"single-team-area\"><div class=\"single-team\"><figure><a class=\"\" data-id=\"203\" target=\"_self\" href=\"https:\/\/afist.ro\/en\/team\/mara-popovici\/\"><img loading=\"lazy\" decoding=\"async\" width=\"148\" height=\"150\" src=\"https:\/\/afist.ro\/wp-content\/uploads\/2022\/09\/WhatsApp-Image-2022-09-27-at-11.58.12.jpeg\" class=\"img-responsive rt-team-img\" alt=\"Mara Popovici\" \/><\/a><\/figure><\/div><div class='tlp-content'><h3><span class=\"team-name\"><a class=\"\" data-id=\"203\" target=\"_self\" title=\"Mara Popovici\" href=\"https:\/\/afist.ro\/en\/team\/mara-popovici\/\">Mara Popovici<\/a><\/span><\/h3><div class=\"tlp-position\"><a class=\"\" data-id=\"203\" target=\"_self\" title=\"Mara Popovici\" href=\"https:\/\/afist.ro\/en\/team\/mara-popovici\/\">Coordonator Direc\u021bia de Educa\u021bie \u0219i Coordonator program Let\u2019s grow together 2022<\/a><\/div><\/div><div class='contact-info'><ul><li><i class=\"far fa-envelope\"><\/i><a href=\"mailto:mara.popovici@afist.ro\"><span class=\"tlp-email\">mara.popovici@afist.ro<\/span><\/a><\/li><\/ul><\/div><\/div><\/div><div class=\"rt-loading-overlay\"><\/div><div class=\"rt-loading rt-ball-clip-rotate\"><div><\/div><\/div><\/div><\/div>\n\n<div class='rt-container-fluid rt-team-container rt-pos-r rt-team-container-241' id='rt-team-container-311716671'  data-layout='layout1' data-desktop-col='5'  data-tab-col='3'  data-mobile-col='1' data-sc-id='241' data-popup-bg=''><div data-title='Loading ...' class='rt-row rt-content-loader layout1 ttp-even ttp-pre-loader'><div class='rt-col-md-24 rt-col-sm-4 rt-col-xs-12 even-grid-item rt-grid-item' data-id='208'><div class=\"single-team-area\"><div class=\"single-team\"><figure><a class=\"\" data-id=\"208\" target=\"_self\" href=\"https:\/\/afist.ro\/en\/team\/mihaela-coiciu\/\"><img loading=\"lazy\" decoding=\"async\" width=\"150\" height=\"150\" src=\"https:\/\/afist.ro\/wp-content\/uploads\/2022\/09\/WhatsApp-Image-2022-09-27-at-11.11.23.jpeg\" class=\"img-responsive rt-team-img\" alt=\"Mihaela Coiciu\" \/><\/a><\/figure><\/div><div class='tlp-content'><h3><span class=\"team-name\"><a class=\"\" data-id=\"208\" target=\"_self\" title=\"Mihaela Coiciu\" href=\"https:\/\/afist.ro\/en\/team\/mihaela-coiciu\/\">Mihaela Coiciu<\/a><\/span><\/h3><div class=\"tlp-position\"><a class=\"\" data-id=\"208\" target=\"_self\" title=\"Mihaela Coiciu\" href=\"https:\/\/afist.ro\/en\/team\/mihaela-coiciu\/\">Coordonator Departament PR \u0219i Cofondator AFIST<\/a><\/div><\/div><div class='contact-info'><ul><li><i class=\"far fa-envelope\"><\/i><a href=\"mailto:mihaela.coiciu@afist.ro\"><span class=\"tlp-email\">mihaela.coiciu@afist.ro<\/span><\/a><\/li><\/ul><\/div><\/div><\/div><div class='rt-col-md-24 rt-col-sm-4 rt-col-xs-12 even-grid-item rt-grid-item' data-id='236'><div class=\"single-team-area\"><div class=\"single-team\"><figure><a class=\"\" data-id=\"236\" target=\"_self\" href=\"https:\/\/afist.ro\/en\/team\/tiberius-soanea\/\"><img loading=\"lazy\" decoding=\"async\" width=\"99\" height=\"150\" src=\"https:\/\/afist.ro\/wp-content\/uploads\/2022\/09\/20220927_132149.jpg\" class=\"img-responsive rt-team-img\" alt=\"Tiberius Soanea\" \/><\/a><\/figure><\/div><div class='tlp-content'><h3><span class=\"team-name\"><a class=\"\" data-id=\"236\" target=\"_self\" title=\"Tiberius Soanea\" href=\"https:\/\/afist.ro\/en\/team\/tiberius-soanea\/\">Tiberius Soanea<\/a><\/span><\/h3><div class=\"tlp-position\"><a class=\"\" data-id=\"236\" target=\"_self\" title=\"Tiberius Soanea\" href=\"https:\/\/afist.ro\/en\/team\/tiberius-soanea\/\">Coordonator Departament IT \u0219i Cofondator AFIST<\/a><\/div><\/div><div class='contact-info'><ul><li><i class=\"far fa-envelope\"><\/i><a href=\"mailto:tiberius.soanea@afist.ro\"><span class=\"tlp-email\">tiberius.soanea@afist.ro<\/span><\/a><\/li><\/ul><\/div><\/div><\/div><div class=\"rt-loading-overlay\"><\/div><div class=\"rt-loading rt-ball-clip-rotate\"><div><\/div><\/div><\/div><\/div>","protected":false},"excerpt":{"rendered":"","protected":false},"author":1,"featured_media":0,"parent":0,"menu_order":0,"comment_status":"closed","ping_status":"closed","template":"","meta":{"ngg_post_thumbnail":0,"footnotes":""},"class_list":["post-231","page","type-page","status-publish","hentry"],"_links":{"self":[{"href":"https:\/\/afist.ro\/en\/wp-json\/wp\/v2\/pages\/231","targetHints":{"allow":["GET"]}}],"collection":[{"href":"https:\/\/afist.ro\/en\/wp-json\/wp\/v2\/pages"}],"about":[{"href":"https:\/\/afist.ro\/en\/wp-json\/wp\/v2\/types\/page"}],"author":[{"embeddable":true,"href":"https:\/\/afist.ro\/en\/wp-json\/wp\/v2\/users\/1"}],"replies":[{"embeddable":true,"href":"https:\/\/afist.ro\/en\/wp-json\/wp\/v2\/comments?post=231"}],"version-history":[{"count":5,"href":"https:\/\/afist.ro\/en\/wp-json\/wp\/v2\/pages\/231\/revisions"}],"predecessor-version":[{"id":245,"href":"https:\/\/afist.ro\/en\/wp-json\/wp\/v2\/pages\/231\/revisions\/245"}],"wp:attachment":[{"href":"https:\/\/afist.ro\/en\/wp-json\/wp\/v2\/media?parent=231"}],"curies":[{"name":"wp","href":"https:\/\/api.w.org\/{rel}","templated":true}]}}