{"id":273,"date":"2022-09-27T11:54:58","date_gmt":"2022-09-27T11:54:58","guid":{"rendered":"https:\/\/afist.ro\/?page_id=273"},"modified":"2024-04-15T15:50:21","modified_gmt":"2024-04-15T15:50:21","slug":"directia-culturala","status":"publish","type":"page","link":"https:\/\/afist.ro\/en\/directia-culturala\/","title":{"rendered":"THE CULTURAL DIRECTION"},"content":{"rendered":"<div class=\"wp-block-image\">\n<figure class=\"aligncenter size-full is-resized\"><img loading=\"lazy\" decoding=\"async\" width=\"3200\" height=\"2000\" src=\"https:\/\/afist.ro\/wp-content\/uploads\/2022\/12\/10116.jpg\" alt=\"\" class=\"wp-image-421\" style=\"width:559px;height:349px\"\/><\/figure>\n<\/div>\n\n\n<p><strong>PURPOSE<\/strong><\/p>\n\n\n\n<p>We want to bring the artistic factor in the educational and university environment, showing new ways of relaxing and spending the free time with increased quality.<\/p>\n\n\n\n<p>We want to promote arts for bringing great creativity in the academic activity but also in ones career.<\/p>\n\n\n\n<p>We are engaged in promoting innovation as the intersection between science, technology and art, creativity. We are looking forword to introducing the students to innovation projects and programs.<\/p>\n\n\n\n<p><\/p>\n\n\n\n<p><strong>Activities carried out within the culture department:<\/strong><\/p>\n\n\n\n<p>Organizarea de evenimente intitulate \u2013 Serate AFIST \u2013 cu scop recreativ \u0219i de socializare, \u00een cadrul c\u0103rora exist\u0103 unul sau mai multe momente artistice, cu invita\u021bi inspira\u021bionali pentru studen\u021bi.<\/p>\n\n\n\n<p>A program that brings to the fore artists who combine art with technology, a program that takes place in the form of a conference\/exhibition&nbsp;<\/p>\n\n\n\n<p><\/p>\n\n\n\n<p><\/p>\n\n\n\n<p><strong>GOALS<\/strong><\/p>\n\n\n\n<p>Our first goal is to create a beneficial environment for socialising, networking, where the AFIST members can get in touch with non-members.&nbsp;<\/p>\n\n\n\n<p>The second goal is an educational one: we want to promote innovative concepts as the base of technological but also artistic evolution, unveiling another important aspect of the STEM career.<\/p>\n\n\n\n<p>We engage in creating recurring events every month to bring together the members, non-members and people with all types of interests, to sustain an interdisciplinary environment and to ease the process of networking and socialising with new persons every time.&nbsp;<\/p>\n\n\n\n<p><\/p>\n\n\n\n<p><strong>What benefits we bring to students:<\/strong><\/p>\n\n\n\n<p>Recreation, socialization in an environment conducive to the development of new connections between AFIST members, professionals and artists.<\/p>\n\n\n\n<p>Up-to-date knowledge of technologies that have an essential role in art and the artistic process.<\/p>\n\n\n\n<p><\/p>\n\n\n\n<div class=\"wp-block-jetpack-tiled-gallery alignwide is-style-rectangular has-rounded-corners-20\"><div class=\"tiled-gallery__gallery\"><div class=\"tiled-gallery__row\"><div class=\"tiled-gallery__col\" style=\"flex-basis:66.75858%\"><figure class=\"tiled-gallery__item\"><img decoding=\"async\" srcset=\"https:\/\/i0.wp.com\/afist.ro\/wp-content\/uploads\/2023\/12\/IMG_6084-min.jpg?strip=info&#038;w=600&#038;ssl=1 600w,https:\/\/i0.wp.com\/afist.ro\/wp-content\/uploads\/2023\/12\/IMG_6084-min.jpg?strip=info&#038;w=900&#038;ssl=1 900w,https:\/\/i0.wp.com\/afist.ro\/wp-content\/uploads\/2023\/12\/IMG_6084-min.jpg?strip=info&#038;w=1200&#038;ssl=1 1200w,https:\/\/i0.wp.com\/afist.ro\/wp-content\/uploads\/2023\/12\/IMG_6084-min.jpg?strip=info&#038;w=1500&#038;ssl=1 1500w,https:\/\/i0.wp.com\/afist.ro\/wp-content\/uploads\/2023\/12\/IMG_6084-min.jpg?strip=info&#038;w=1800&#038;ssl=1 1800w,https:\/\/i0.wp.com\/afist.ro\/wp-content\/uploads\/2023\/12\/IMG_6084-min.jpg?strip=info&#038;w=2000&#038;ssl=1 2000w\" alt=\"\" data-height=\"3456\" data-id=\"1021\" data-link=\"https:\/\/afist.ro\/serata-afist-22-martie-2023\/img_6084-min\/\" data-url=\"https:\/\/afist.ro\/wp-content\/uploads\/2023\/12\/IMG_6084-min.jpg\" data-width=\"5184\" src=\"https:\/\/i0.wp.com\/afist.ro\/wp-content\/uploads\/2023\/12\/IMG_6084-min.jpg?ssl=1\" data-amp-layout=\"responsive\"\/><\/figure><\/div><div class=\"tiled-gallery__col\" style=\"flex-basis:33.24142%\"><figure class=\"tiled-gallery__item\"><img decoding=\"async\" srcset=\"https:\/\/i0.wp.com\/afist.ro\/wp-content\/uploads\/2023\/12\/IMG_5839-min.jpg?strip=info&#038;w=600&#038;ssl=1 600w,https:\/\/i0.wp.com\/afist.ro\/wp-content\/uploads\/2023\/12\/IMG_5839-min.jpg?strip=info&#038;w=900&#038;ssl=1 900w,https:\/\/i0.wp.com\/afist.ro\/wp-content\/uploads\/2023\/12\/IMG_5839-min.jpg?strip=info&#038;w=1200&#038;ssl=1 1200w,https:\/\/i0.wp.com\/afist.ro\/wp-content\/uploads\/2023\/12\/IMG_5839-min.jpg?strip=info&#038;w=1500&#038;ssl=1 1500w,https:\/\/i0.wp.com\/afist.ro\/wp-content\/uploads\/2023\/12\/IMG_5839-min.jpg?strip=info&#038;w=1800&#038;ssl=1 1800w,https:\/\/i0.wp.com\/afist.ro\/wp-content\/uploads\/2023\/12\/IMG_5839-min.jpg?strip=info&#038;w=2000&#038;ssl=1 2000w\" alt=\"\" data-height=\"3456\" data-id=\"1003\" data-link=\"https:\/\/afist.ro\/serata-afist-15-februarie-2023\/img_5839-min\/\" data-url=\"https:\/\/afist.ro\/wp-content\/uploads\/2023\/12\/IMG_5839-min.jpg\" data-width=\"5184\" src=\"https:\/\/i0.wp.com\/afist.ro\/wp-content\/uploads\/2023\/12\/IMG_5839-min.jpg?ssl=1\" data-amp-layout=\"responsive\"\/><\/figure><figure class=\"tiled-gallery__item\"><img decoding=\"async\" srcset=\"https:\/\/i1.wp.com\/afist.ro\/wp-content\/uploads\/2023\/12\/IMG_5433-min-1.jpg?strip=info&#038;w=600&#038;ssl=1 600w,https:\/\/i1.wp.com\/afist.ro\/wp-content\/uploads\/2023\/12\/IMG_5433-min-1.jpg?strip=info&#038;w=900&#038;ssl=1 900w,https:\/\/i1.wp.com\/afist.ro\/wp-content\/uploads\/2023\/12\/IMG_5433-min-1.jpg?strip=info&#038;w=1200&#038;ssl=1 1200w,https:\/\/i1.wp.com\/afist.ro\/wp-content\/uploads\/2023\/12\/IMG_5433-min-1.jpg?strip=info&#038;w=1500&#038;ssl=1 1500w,https:\/\/i1.wp.com\/afist.ro\/wp-content\/uploads\/2023\/12\/IMG_5433-min-1.jpg?strip=info&#038;w=1800&#038;ssl=1 1800w,https:\/\/i1.wp.com\/afist.ro\/wp-content\/uploads\/2023\/12\/IMG_5433-min-1.jpg?strip=info&#038;w=2000&#038;ssl=1 2000w\" alt=\"\" data-height=\"3456\" data-id=\"986\" data-link=\"https:\/\/afist.ro\/serata-afist-25-ianuarie-2023\/img_5433-min-1\/\" data-url=\"https:\/\/afist.ro\/wp-content\/uploads\/2023\/12\/IMG_5433-min-1.jpg\" data-width=\"5184\" src=\"https:\/\/i1.wp.com\/afist.ro\/wp-content\/uploads\/2023\/12\/IMG_5433-min-1.jpg?ssl=1\" data-amp-layout=\"responsive\"\/><\/figure><\/div><\/div><div class=\"tiled-gallery__row\"><div class=\"tiled-gallery__col\" style=\"flex-basis:42.68755%\"><figure class=\"tiled-gallery__item\"><img decoding=\"async\" srcset=\"https:\/\/i1.wp.com\/afist.ro\/wp-content\/uploads\/2023\/12\/IMG_5833-min.jpg?strip=info&#038;w=600&#038;ssl=1 600w,https:\/\/i1.wp.com\/afist.ro\/wp-content\/uploads\/2023\/12\/IMG_5833-min.jpg?strip=info&#038;w=900&#038;ssl=1 900w,https:\/\/i1.wp.com\/afist.ro\/wp-content\/uploads\/2023\/12\/IMG_5833-min.jpg?strip=info&#038;w=1200&#038;ssl=1 1200w,https:\/\/i1.wp.com\/afist.ro\/wp-content\/uploads\/2023\/12\/IMG_5833-min.jpg?strip=info&#038;w=1500&#038;ssl=1 1500w,https:\/\/i1.wp.com\/afist.ro\/wp-content\/uploads\/2023\/12\/IMG_5833-min.jpg?strip=info&#038;w=1800&#038;ssl=1 1800w,https:\/\/i1.wp.com\/afist.ro\/wp-content\/uploads\/2023\/12\/IMG_5833-min.jpg?strip=info&#038;w=2000&#038;ssl=1 2000w\" alt=\"\" data-height=\"3456\" data-id=\"1002\" data-link=\"https:\/\/afist.ro\/serata-afist-15-februarie-2023\/img_5833-min\/\" data-url=\"https:\/\/afist.ro\/wp-content\/uploads\/2023\/12\/IMG_5833-min.jpg\" data-width=\"5184\" src=\"https:\/\/i1.wp.com\/afist.ro\/wp-content\/uploads\/2023\/12\/IMG_5833-min.jpg?ssl=1\" data-amp-layout=\"responsive\"\/><\/figure><figure class=\"tiled-gallery__item\"><img decoding=\"async\" srcset=\"https:\/\/i1.wp.com\/afist.ro\/wp-content\/uploads\/2023\/12\/IMG_5493-min-1.jpg?strip=info&#038;w=600&#038;ssl=1 600w,https:\/\/i1.wp.com\/afist.ro\/wp-content\/uploads\/2023\/12\/IMG_5493-min-1.jpg?strip=info&#038;w=900&#038;ssl=1 900w,https:\/\/i1.wp.com\/afist.ro\/wp-content\/uploads\/2023\/12\/IMG_5493-min-1.jpg?strip=info&#038;w=1200&#038;ssl=1 1200w,https:\/\/i1.wp.com\/afist.ro\/wp-content\/uploads\/2023\/12\/IMG_5493-min-1.jpg?strip=info&#038;w=1500&#038;ssl=1 1500w,https:\/\/i1.wp.com\/afist.ro\/wp-content\/uploads\/2023\/12\/IMG_5493-min-1.jpg?strip=info&#038;w=1800&#038;ssl=1 1800w,https:\/\/i1.wp.com\/afist.ro\/wp-content\/uploads\/2023\/12\/IMG_5493-min-1.jpg?strip=info&#038;w=2000&#038;ssl=1 2000w\" alt=\"\" data-height=\"3456\" data-id=\"988\" data-link=\"https:\/\/afist.ro\/serata-afist-25-ianuarie-2023\/img_5493-min-1\/\" data-url=\"https:\/\/afist.ro\/wp-content\/uploads\/2023\/12\/IMG_5493-min-1.jpg\" data-width=\"5184\" src=\"https:\/\/i1.wp.com\/afist.ro\/wp-content\/uploads\/2023\/12\/IMG_5493-min-1.jpg?ssl=1\" data-amp-layout=\"responsive\"\/><\/figure><figure class=\"tiled-gallery__item\"><img decoding=\"async\" srcset=\"https:\/\/i0.wp.com\/afist.ro\/wp-content\/uploads\/2023\/12\/IMG_5886-min.jpg?strip=info&#038;w=600&#038;ssl=1 600w,https:\/\/i0.wp.com\/afist.ro\/wp-content\/uploads\/2023\/12\/IMG_5886-min.jpg?strip=info&#038;w=900&#038;ssl=1 900w,https:\/\/i0.wp.com\/afist.ro\/wp-content\/uploads\/2023\/12\/IMG_5886-min.jpg?strip=info&#038;w=1200&#038;ssl=1 1200w,https:\/\/i0.wp.com\/afist.ro\/wp-content\/uploads\/2023\/12\/IMG_5886-min.jpg?strip=info&#038;w=1500&#038;ssl=1 1500w,https:\/\/i0.wp.com\/afist.ro\/wp-content\/uploads\/2023\/12\/IMG_5886-min.jpg?strip=info&#038;w=1800&#038;ssl=1 1800w,https:\/\/i0.wp.com\/afist.ro\/wp-content\/uploads\/2023\/12\/IMG_5886-min.jpg?strip=info&#038;w=2000&#038;ssl=1 2000w\" alt=\"\" data-height=\"3456\" data-id=\"1006\" data-link=\"https:\/\/afist.ro\/serata-afist-15-februarie-2023\/img_5886-min\/\" data-url=\"https:\/\/afist.ro\/wp-content\/uploads\/2023\/12\/IMG_5886-min.jpg\" data-width=\"5184\" src=\"https:\/\/i0.wp.com\/afist.ro\/wp-content\/uploads\/2023\/12\/IMG_5886-min.jpg?ssl=1\" data-amp-layout=\"responsive\"\/><\/figure><\/div><div class=\"tiled-gallery__col\" style=\"flex-basis:57.31245%\"><figure class=\"tiled-gallery__item\"><img decoding=\"async\" srcset=\"https:\/\/i0.wp.com\/afist.ro\/wp-content\/uploads\/2023\/12\/IMG_5462-min-1.jpg?strip=info&#038;w=600&#038;ssl=1 600w,https:\/\/i0.wp.com\/afist.ro\/wp-content\/uploads\/2023\/12\/IMG_5462-min-1.jpg?strip=info&#038;w=900&#038;ssl=1 900w,https:\/\/i0.wp.com\/afist.ro\/wp-content\/uploads\/2023\/12\/IMG_5462-min-1.jpg?strip=info&#038;w=1200&#038;ssl=1 1200w,https:\/\/i0.wp.com\/afist.ro\/wp-content\/uploads\/2023\/12\/IMG_5462-min-1.jpg?strip=info&#038;w=1500&#038;ssl=1 1500w,https:\/\/i0.wp.com\/afist.ro\/wp-content\/uploads\/2023\/12\/IMG_5462-min-1.jpg?strip=info&#038;w=1800&#038;ssl=1 1800w,https:\/\/i0.wp.com\/afist.ro\/wp-content\/uploads\/2023\/12\/IMG_5462-min-1.jpg?strip=info&#038;w=2000&#038;ssl=1 2000w\" alt=\"\" data-height=\"5184\" data-id=\"987\" data-link=\"https:\/\/afist.ro\/serata-afist-25-ianuarie-2023\/img_5462-min-1\/\" data-url=\"https:\/\/afist.ro\/wp-content\/uploads\/2023\/12\/IMG_5462-min-1.jpg\" data-width=\"3456\" src=\"https:\/\/i0.wp.com\/afist.ro\/wp-content\/uploads\/2023\/12\/IMG_5462-min-1.jpg?ssl=1\" data-amp-layout=\"responsive\"\/><\/figure><\/div><\/div><\/div><\/div>","protected":false},"excerpt":{"rendered":"<p>SCOP Ne propunem s\u0103 aducem factorul artistic \u00een mediul academic\/educational cu scopul de a propune modele sanatoase de relaxare \u0219i petrecere a timpului&hellip;<a href=\"https:\/\/afist.ro\/en\/directia-culturala\/\" class=\"more-link\"><span class=\"more-button\">More<span class=\"screen-reader-text\">THE CULTURAL DIRECTION<\/span><\/span><\/a><\/p>","protected":false},"author":1,"featured_media":0,"parent":0,"menu_order":0,"comment_status":"closed","ping_status":"closed","template":"","meta":{"ngg_post_thumbnail":0,"footnotes":""},"class_list":["post-273","page","type-page","status-publish","hentry"],"_links":{"self":[{"href":"https:\/\/afist.ro\/en\/wp-json\/wp\/v2\/pages\/273","targetHints":{"allow":["GET"]}}],"collection":[{"href":"https:\/\/afist.ro\/en\/wp-json\/wp\/v2\/pages"}],"about":[{"href":"https:\/\/afist.ro\/en\/wp-json\/wp\/v2\/types\/page"}],"author":[{"embeddable":true,"href":"https:\/\/afist.ro\/en\/wp-json\/wp\/v2\/users\/1"}],"replies":[{"embeddable":true,"href":"https:\/\/afist.ro\/en\/wp-json\/wp\/v2\/comments?post=273"}],"version-history":[{"count":6,"href":"https:\/\/afist.ro\/en\/wp-json\/wp\/v2\/pages\/273\/revisions"}],"predecessor-version":[{"id":1155,"href":"https:\/\/afist.ro\/en\/wp-json\/wp\/v2\/pages\/273\/revisions\/1155"}],"wp:attachment":[{"href":"https:\/\/afist.ro\/en\/wp-json\/wp\/v2\/media?parent=273"}],"curies":[{"name":"wp","href":"https:\/\/api.w.org\/{rel}","templated":true}]}}