{"id":283,"date":"2022-09-28T07:12:25","date_gmt":"2022-09-28T07:12:25","guid":{"rendered":"https:\/\/afist.ro\/?page_id=283"},"modified":"2022-09-28T07:12:25","modified_gmt":"2022-09-28T07:12:25","slug":"nota-de-informare-cu-privire-la-prelucrarea-datelor-cu-caracter-personal-in-cadrul-afist","status":"publish","type":"page","link":"https:\/\/afist.ro\/en\/nota-de-informare-cu-privire-la-prelucrarea-datelor-cu-caracter-personal-in-cadrul-afist\/","title":{"rendered":"Not\u0103 de informare cu privire la prelucrarea datelor cu caracter personal \u00een cadrul AFIST"},"content":{"rendered":"<p><br><strong>Introducere<\/strong><br>Urm\u0103toarea notificare privind protec\u021bia datelor este conceput\u0103 pentru a v\u0103 informa cu privire la prelucrarea datelor personale \u0219i drepturile dumneavoastr\u0103 \u00een conformitate cu Regulamentul (UE) 2016\/679 al Parlamentului European \u0219i al Consiliului din 27 aprilie 2016 privind protec\u021bia persoanelor fizice \u00een ceea ce prive\u0219te prelucrarea datelor cu caracter personal \u0219i privind libera circula\u021bie a acestor date \u0219i de abrogare a Directivei 95\/46\/CE \u0219i legisla\u021bia na\u021bional\u0103 \u00een vigoare.<br><strong>Operatorul datelor cu caracter personal<\/strong><br>Noi, Asocia\u021bia Femeilor \u00een Inginerie, \u0218tiin\u021b\u0103 \u0219i Tehnologie (AFIST), cu sediul \u00een strada Drumul Doftanei, nr. 121-125, Corp C4, Tronson 1, etaj 5, apartament 90, sector 6, Bucure\u0219ti, reprezent\u0103m operatorul \u00een conformitate cu prevederile Regulamentului nr. 679 din 27 aprilie 2016. Prin urmare, suntem responsabili pentru colectarea \u015fi prelucrarea datelor cu caracter personal, a\u0219a cum sunt descrise mai jos.<br><strong>Datele personale folosite:<\/strong><br> &#8211; Numele \u0219i prenumele<br> &#8211; Data \u0219i locul na\u0219terii<br> &#8211; CNP<br> &#8211; Num\u0103rul \u0219i seria actului de identitate<br> &#8211; Imaginea<br> &#8211; Num\u0103r de telefon<br> &#8211; Adres\u0103 e-mail<br> &#8211; Date de calificare profesional\u0103 (informa\u0163ii privind studiile, calific\u0103ri profesionale)<br> &#8211; Date financiare (cont bancar)<\/p>\n\n\n\n<p><br>Toate aceste date cu caracter personal sunt colectate \u00een concordan\u021b\u0103 cu scopurile \u015fi temeiurile legale prezentate mai jos.<br><strong>Scopul colect\u0103rii \u015fi prelucr\u0103rii datelor personale<\/strong><br> &#8211; Aderarea ca membru\/voluntar \u00een cadrul AFIST: \u00eentocmirea documentelor necesare (decizie de numire, proces verbal de aderare)<br> &#8211; \u00centocmirea \u0219i eliberarea de premii (certificate, diplome)<br> &#8211; Promovarea imaginii asocia\u021biei pe re\u021belele de socializare<br> &#8211; Informarea cu privire la activit\u0103\u021bile desf\u0103\u0219urate de asocia\u021bie \u0219i participarea la \u0219edin\u021bele adun\u0103rii generale<br> &#8211; Implicarea \u00een organizarea \u0219i desf\u0103\u0219urarea diferitelor proiecte propuse de asocia\u021bie<br> &#8211; Confirmarea pl\u0103\u021bii cotiza\u021biei de membru \u0219i premierea atunci c\u00e2nd este cazul \u00een func\u021bie de scopul activit\u0103\u021bii desf\u0103\u0219urate<br><strong>Durata de p\u0103strare a datelor personale<\/strong><br>Pe toat\u0103 durata particip\u0103rii membrilor\/voluntarilor \u00een cadrul activit\u0103\u021bilor asocia\u021biei AFIST<br><strong>Drepturi \u00een ceea ce prive\u0219te datele personale furnizate<\/strong><br> &#8211; Dreptul de a ob\u021bine din partea operatorului o confirmare c\u0103 se prelucreaza sau nu datele dumneavoastr\u0103 personale.<br> &#8211; Dreptul de acces la urmatoarele informa\u021bii: scopurile prelucr\u0103rii, categoriile de date cu caracter personal vizate, destinatarii sau categoriile de destinatari c\u0103rora datele cu caracter personal le-au fost sau urmeaz\u0103 s\u0103 le fie divulgate, acolo unde este posibil, perioada pentru care se preconizeaza ca vor fi stocate datele cu caracter personal sau dac\u0103 acest lucru nu este posibil, criteriile utilizate pentru a stabili aceast\u0103 perioad\u0103.<br> &#8211; Dreptul de a solicita operatorului rectificarea sau \u0219tergerea datelor ori restric\u021bionarea prelucr\u0103rii datelor cu caracter personal.<br> &#8211; Dreptul de a se opune prelucr\u0103rii.<br> &#8211; Dreptul de a depune o pl\u00e2ngere \u00een fa\u021ba autorit\u0103\u021bii de supraveghere: \u00een cazul \u00een care datele cu caracter personal nu sunt colectate de la persoana vizat\u0103, orice informa\u021bii disponibile privind sursa acestora; existen\u021ba unui proces decizional automatizat incluz\u00e2nd crearea de profiluri, precum \u0219i informa\u021bii pertinente privind logica utilizat\u0103 \u0219i privind importan\u021ba \u0219i consecin\u021bele preconizate ale unei astfel de prelucr\u0103ri.<br> &#8211; Dreptul la rectificarea datelor inexacte.<br> &#8211; Dreptul la \u0219tergerea datelor sau \u201edreptul de a fi uitat\u201d;<br> &#8211; Deptul la restric\u021bionarea prelucr\u0103rii \u00een cazurile urm\u0103toare: c\u00e2nd contesta\u021bi exactitatea datelor (restric\u021bionarea prelucr\u0103rii va dura o perioad\u0103 ce \u00eei permite operatorului s\u0103 verifice exactitatea datelor); c\u00e2nd prelucrarea este ilegal\u0103, iar dumneavoastr\u0103 va opune\u021bi \u0219tergerii datelor, solicit\u00e2nd \u00een schimb restric\u021bionarea utiliz\u0103rii lor; c\u00e2nd operatorul nu mai are nevoie de datele cu caracter personal \u00een scopul prelucr\u0103rii, dar dumneavoastr\u0103 le solicita\u021bi pentru exercitarea unui drept \u00een instan\u021b\u0103.<br> &#8211; Dreptul de a primi datele cu caracter personal \u0219i de a le transmite unui alt operator sau \u201edreptul la portabilitatea datelor\u201d.<br> &#8211; Dreptul de a v\u0103 opune prelucr\u0103rii necesare pentru \u00eendeplinirea unei sarcini ce serve\u0219te unui interes public sau care rezult\u0103 din exercitarea autorit\u0103\u021bii publice cu care este \u00eenvestit operatorul sau prelucr\u0103rii necesare \u00een scopul intereselor legitime urm\u0103rite de operator sau de o ter\u021b\u0103 parte, precum si crearii se profiluri pe baza acestor dispozi\u021bii.<br> &#8211; Dreptul de a nu face obiectul unei decizii bazate exclusiv pe prelucrarea automat\u0103, inclusiv crearea de profiluri, cu excep\u021bia cazurilor \u00een care o astfel de prelucrare este necesar\u0103 pentru \u00eencheierea sau executarea unui contract.<\/p>","protected":false},"excerpt":{"rendered":"<p>IntroducereUrm\u0103toarea notificare privind protec\u021bia datelor este conceput\u0103 pentru a v\u0103 informa cu privire la prelucrarea datelor personale \u0219i drepturile dumneavoastr\u0103 \u00een conformitate cu&hellip;<a href=\"https:\/\/afist.ro\/en\/nota-de-informare-cu-privire-la-prelucrarea-datelor-cu-caracter-personal-in-cadrul-afist\/\" class=\"more-link\"><span class=\"more-button\">More<span class=\"screen-reader-text\">Not\u0103 de informare cu privire la prelucrarea datelor cu caracter personal \u00een cadrul AFIST<\/span><\/span><\/a><\/p>","protected":false},"author":1,"featured_media":0,"parent":0,"menu_order":0,"comment_status":"closed","ping_status":"closed","template":"","meta":{"ngg_post_thumbnail":0,"footnotes":""},"class_list":["post-283","page","type-page","status-publish","hentry"],"_links":{"self":[{"href":"https:\/\/afist.ro\/en\/wp-json\/wp\/v2\/pages\/283","targetHints":{"allow":["GET"]}}],"collection":[{"href":"https:\/\/afist.ro\/en\/wp-json\/wp\/v2\/pages"}],"about":[{"href":"https:\/\/afist.ro\/en\/wp-json\/wp\/v2\/types\/page"}],"author":[{"embeddable":true,"href":"https:\/\/afist.ro\/en\/wp-json\/wp\/v2\/users\/1"}],"replies":[{"embeddable":true,"href":"https:\/\/afist.ro\/en\/wp-json\/wp\/v2\/comments?post=283"}],"version-history":[{"count":1,"href":"https:\/\/afist.ro\/en\/wp-json\/wp\/v2\/pages\/283\/revisions"}],"predecessor-version":[{"id":284,"href":"https:\/\/afist.ro\/en\/wp-json\/wp\/v2\/pages\/283\/revisions\/284"}],"wp:attachment":[{"href":"https:\/\/afist.ro\/en\/wp-json\/wp\/v2\/media?parent=283"}],"curies":[{"name":"wp","href":"https:\/\/api.w.org\/{rel}","templated":true}]}}