{"id":291,"date":"2022-09-28T08:07:24","date_gmt":"2022-09-28T08:07:24","guid":{"rendered":"https:\/\/afist.ro\/?page_id=291"},"modified":"2022-09-28T08:07:24","modified_gmt":"2022-09-28T08:07:24","slug":"formular-inscriere-program-mentorat","status":"publish","type":"page","link":"https:\/\/afist.ro\/en\/formular-inscriere-program-mentorat\/","title":{"rendered":"Formular\u00a0\u00eenscriere\u00a0program mentorat"},"content":{"rendered":"<div class=\"forminator-guttenberg\"><div class=\"forminator-ui forminator-custom-form forminator-custom-form-290 forminator-design--default  forminator_ajax\" data-forminator-render=\"0\" data-form=\"forminator-module-290\" data-uid=\"69e130a9f33c5\"><br\/><\/div><form\n\t\t\t\tid=\"forminator-module-290\"\n\t\t\t\tclass=\"forminator-ui forminator-custom-form forminator-custom-form-290 forminator-design--default  forminator_ajax\"\n\t\t\t\tmethod=\"post\"\n\t\t\t\tdata-forminator-render=\"0\"\n\t\t\t\tdata-form-id=\"290\"\n\t\t\t\t\n\t\t\t\tdata-design=\"default\"\n\t\t\t\t\n\t\t\t\t\n\t\t\t\t\n\t\t\t\tdata-grid=\"open\"\n\t\t\t\t\n\t\t\t\t\n\t\t\t\tstyle=\"display: none;\"\n\t\t\t\t\n\t\t\t\tdata-uid=\"69e130a9f33c5\" action=\"\"\n\t\t\t><div class=\"forminator-response-message forminator-error\" aria-hidden=\"true\"><\/div><div class=\"forminator-row\"><div id=\"name-1\" class=\"forminator-col forminator-col-12\"><div class=\"forminator-field\"><label for=\"forminator-field-name-1_69e130a9f33c5\" class=\"forminator-label\">Nume <span class=\"forminator-required\">*<\/span><\/label><input type=\"text\" name=\"name-1\" value=\"\" placeholder=\"Nume Prenume\" id=\"forminator-field-name-1_69e130a9f33c5\" class=\"forminator-input forminator-name--field\" aria-required=\"true\" \/><\/div><\/div><\/div><div class=\"forminator-row\"><div id=\"email-1\" class=\"forminator-col forminator-col-12\"><div class=\"forminator-field\"><label for=\"forminator-field-email-1_69e130a9f33c5\" class=\"forminator-label\">Adresa email <span class=\"forminator-required\">*<\/span><\/label><input type=\"email\" name=\"email-1\" value=\"\" placeholder=\"Adresa email\" id=\"forminator-field-email-1_69e130a9f33c5\" class=\"forminator-input forminator-email--field\" data-required=\"1\" aria-required=\"true\" \/><\/div><\/div><\/div><div class=\"forminator-row\"><div id=\"phone-1\" class=\"forminator-col forminator-col-12\"><div class=\"forminator-field\"><label for=\"forminator-field-phone-1_69e130a9f33c5\" class=\"forminator-label\">Telefon <span class=\"forminator-required\">*<\/span><\/label><input type=\"text\" name=\"phone-1\" value=\"\" placeholder=\"Numar de telefon\" id=\"forminator-field-phone-1_69e130a9f33c5\" class=\"forminator-input forminator-field--phone\" data-required=\"1\" aria-required=\"true\" autocomplete=\"off\" \/><\/div><\/div><\/div><div class=\"forminator-row\"><div id=\"address-1\" class=\"forminator-col forminator-col-12\"><div class=\"forminator-row\"><div id=\"address-1-street_address\" class=\"forminator-col\"><div class=\"forminator-field\"><label for=\"forminator-field-street_address-address-1_69e130a9f33c5\" class=\"forminator-label\">Adresa <span class=\"forminator-required\">*<\/span><\/label><input type=\"text\" name=\"address-1-street_address\" placeholder=\"Adresa\" id=\"forminator-field-street_address-address-1_69e130a9f33c5\" class=\"forminator-input\" data-required=\"1\" aria-required=\"true\" value=\"\" \/><\/div><\/div><\/div><\/div><\/div><div class=\"forminator-row\"><div id=\"textarea-1\" class=\"forminator-col forminator-col-12\"><div class=\"forminator-field\"><label for=\"forminator-field-textarea-1_69e130a9f33c5\" class=\"forminator-label\">Facultate (licen\u021b\u0103\/master\/doctorat +an):<\/label><textarea name=\"textarea-1\" placeholder=\"\" id=\"forminator-field-textarea-1_69e130a9f33c5\" class=\"forminator-textarea\" rows=\"6\" style=\"min-height:140px;\" ><\/textarea><\/div><\/div><\/div><div class=\"forminator-row\"><div id=\"text-1\" class=\"forminator-col forminator-col-12\"><div class=\"forminator-field\"><label for=\"forminator-field-text-1_69e130a9f33c5\" class=\"forminator-label\">Disponibilitate \u00eencepere Program de mentorat (perioada: de ex. \u00eencep\u00e2nd cu luna...): <span class=\"forminator-required\">*<\/span><\/label><input type=\"text\" name=\"text-1\" value=\"\" placeholder=\"\" id=\"forminator-field-text-1_69e130a9f33c5\" class=\"forminator-input forminator-name--field\" data-required=\"1\" \/><\/div><\/div><\/div><div class=\"forminator-row\"><div id=\"textarea-2\" class=\"forminator-col forminator-col-12\"><div class=\"forminator-field\"><label for=\"forminator-field-textarea-2_69e130a9f33c5\" class=\"forminator-label\">Experien\u021b\u0103 profesional\u0103 (cursuri, stagii de preg\u0103tire, etc.):<\/label><textarea name=\"textarea-2\" placeholder=\"\" id=\"forminator-field-textarea-2_69e130a9f33c5\" class=\"forminator-textarea\" rows=\"6\" style=\"min-height:140px;\" ><\/textarea><\/div><\/div><\/div><div class=\"forminator-row\"><div id=\"textarea-3\" class=\"forminator-col forminator-col-12\"><div class=\"forminator-field\"><label for=\"forminator-field-textarea-3_69e130a9f33c5\" class=\"forminator-label\">Obiectivele tale legate de carier\u0103<\/label><textarea name=\"textarea-3\" placeholder=\"E.g. text placeholder You can add new line\" id=\"forminator-field-textarea-3_69e130a9f33c5\" class=\"forminator-textarea\" rows=\"6\" style=\"min-height:140px;\" >Pe termen scurt: Pe termen mediu-lung:<\/textarea><\/div><\/div><\/div><div class=\"forminator-row\"><div id=\"text-2\" class=\"forminator-col forminator-col-12\"><div class=\"forminator-field\"><label for=\"forminator-field-text-2_69e130a9f33c5\" class=\"forminator-label\">\u00cen ce domeniu\/i dore\u0219ti sprijinul concret al unui mentor pentru a-\u021bi atinge obiectivele carierei? <span class=\"forminator-required\">*<\/span><\/label><input type=\"text\" name=\"text-2\" value=\"\" placeholder=\"\" id=\"forminator-field-text-2_69e130a9f33c5\" class=\"forminator-input forminator-name--field\" data-required=\"1\" \/><\/div><\/div><\/div><div class=\"forminator-row\"><div id=\"text-3\" class=\"forminator-col forminator-col-12\"><div class=\"forminator-field\"><label for=\"forminator-field-text-3_69e130a9f33c5\" class=\"forminator-label\">Cu ce mentor \u021bi-ar pl\u0103cea s\u0103 lucrezi? De ce?<\/label><input type=\"text\" name=\"text-3\" value=\"\" placeholder=\"\" id=\"forminator-field-text-3_69e130a9f33c5\" class=\"forminator-input forminator-name--field\" data-required=\"\" \/><\/div><\/div><\/div><div class=\"forminator-row\"><div id=\"text-4\" class=\"forminator-col forminator-col-12\"><div class=\"forminator-field\"><label for=\"forminator-field-text-4_69e130a9f33c5\" class=\"forminator-label\">Ce a\u0219tept\u0103ri ai de la mentor?<\/label><input type=\"text\" name=\"text-4\" value=\"\" placeholder=\"\" id=\"forminator-field-text-4_69e130a9f33c5\" class=\"forminator-input forminator-name--field\" data-required=\"\" \/><\/div><\/div><\/div><div class=\"forminator-row\"><div id=\"text-5\" class=\"forminator-col forminator-col-12\"><div class=\"forminator-field\"><label for=\"forminator-field-text-5_69e130a9f33c5\" class=\"forminator-label\">Ce a\u0219tept\u0103ri ai de la Programul de Mentorat?<\/label><input type=\"text\" name=\"text-5\" value=\"\" placeholder=\"\" id=\"forminator-field-text-5_69e130a9f33c5\" class=\"forminator-input forminator-name--field\" data-required=\"\" \/><\/div><\/div><\/div><div class=\"forminator-row\"><div id=\"consent-1\" class=\"forminator-col forminator-col-12\"><div class=\"forminator-field\"><div class=\"forminator-checkbox__wrapper\"><label for=\"forminator-field-consent-1_69e130a9f33c5\" class=\"forminator-checkbox\" style=\"margin: 0;\" aria-labelledby=\"forminator-field-consent-1_69e130a9f33c5__label\"><input type=\"checkbox\" name=\"consent-1\" value=\"checked\" id=\"forminator-field-consent-1_69e130a9f33c5\" data-required=\"true\" aria-required=\"true\" \/><span class=\"forminator-checkbox-box\" aria-hidden=\"true\"><\/span><\/label><div id=\"forminator-field-consent-1_69e130a9f33c5__label\" class=\"forminator-checkbox__label\"><p>Sunt de acord cu <a href=\"https:\/\/afist.ro\/en\/nota-de-informare-cu-privire-la-prelucrarea-datelor-cu-caracter-personal-in-cadrul-afist\/\">prelucrarea datelor cu caracter personal <\/a><\/p><\/div><\/div><\/div><\/div><\/div><input type=\"hidden\" name=\"referer_url\" value=\"\" \/><div class=\"forminator-row forminator-row-last\"><div class=\"forminator-col\"><div class=\"forminator-field\"><button class=\"forminator-button forminator-button-submit\">Trimite<\/button><\/div><\/div><\/div><input type=\"hidden\" id=\"forminator_nonce\" name=\"forminator_nonce\" value=\"58c4204766\" \/><input type=\"hidden\" name=\"_wp_http_referer\" value=\"\/en\/wp-json\/wp\/v2\/pages\/291\" \/><input type=\"hidden\" name=\"form_id\" value=\"290\"><input type=\"hidden\" name=\"page_id\" value=\"291\"><input type=\"hidden\" name=\"form_type\" value=\"default\"><input type=\"hidden\" name=\"current_url\" value=\"https:\/\/afist.ro\/en\/formular-inscriere-program-mentorat\/\"><input type=\"hidden\" name=\"render_id\" value=\"0\"><input type=\"hidden\" name=\"action\" value=\"forminator_submit_form_custom-forms\"><input type=\"hidden\" name=\"trp-form-language\" value=\"en\"\/><\/form><\/div>","protected":false},"excerpt":{"rendered":"","protected":false},"author":1,"featured_media":0,"parent":0,"menu_order":0,"comment_status":"closed","ping_status":"closed","template":"","meta":{"ngg_post_thumbnail":0,"footnotes":""},"class_list":["post-291","page","type-page","status-publish","hentry"],"_links":{"self":[{"href":"https:\/\/afist.ro\/en\/wp-json\/wp\/v2\/pages\/291","targetHints":{"allow":["GET"]}}],"collection":[{"href":"https:\/\/afist.ro\/en\/wp-json\/wp\/v2\/pages"}],"about":[{"href":"https:\/\/afist.ro\/en\/wp-json\/wp\/v2\/types\/page"}],"author":[{"embeddable":true,"href":"https:\/\/afist.ro\/en\/wp-json\/wp\/v2\/users\/1"}],"replies":[{"embeddable":true,"href":"https:\/\/afist.ro\/en\/wp-json\/wp\/v2\/comments?post=291"}],"version-history":[{"count":2,"href":"https:\/\/afist.ro\/en\/wp-json\/wp\/v2\/pages\/291\/revisions"}],"predecessor-version":[{"id":294,"href":"https:\/\/afist.ro\/en\/wp-json\/wp\/v2\/pages\/291\/revisions\/294"}],"wp:attachment":[{"href":"https:\/\/afist.ro\/en\/wp-json\/wp\/v2\/media?parent=291"}],"curies":[{"name":"wp","href":"https:\/\/api.w.org\/{rel}","templated":true}]}}