{"id":557,"date":"2023-02-28T20:17:36","date_gmt":"2023-02-28T20:17:36","guid":{"rendered":"https:\/\/afist.ro\/?page_id=557"},"modified":"2024-12-12T08:53:17","modified_gmt":"2024-12-12T08:53:17","slug":"activitati-sociale","status":"publish","type":"page","link":"https:\/\/afist.ro\/en\/activitati-sociale\/","title":{"rendered":"Social Activities"},"content":{"rendered":"<hr class=\"wp-block-separator has-alpha-channel-opacity\"\/>\n\n\n\n<p>Find out how AFIST events can help build a supportive community for women and students in STEM. At these events, we focus not only on creating valuable connections between participants, but also on bringing various social issues to the fore and contributing to their awareness by proposing constructive solutions. We invite you to be part of a group of people dedicated and passionate about change and development!<\/p>\n\n\n\n<hr class=\"wp-block-separator has-alpha-channel-opacity\"\/>\n\n\n\n<div class=\"wp-block-media-text is-stacked-on-mobile\"><figure class=\"wp-block-media-text__media\"><img loading=\"lazy\" decoding=\"async\" width=\"1080\" height=\"1080\" src=\"https:\/\/afist.ro\/wp-content\/uploads\/2024\/12\/poster-1.png\" alt=\"\" class=\"wp-image-1248 size-full\"\/><\/figure><div class=\"wp-block-media-text__content\">\n<p class=\"has-text-align-center has-white-color has-vivid-green-cyan-background-color has-text-color has-background has-link-color wp-elements-c24c8d25badd1afd15cdb603f61b0dbf\"><strong>27 noiembrie 2024<\/strong><\/p>\n\n\n\n<p>Pe 27 noiembrie 2024, a avut loc s\u0103rb\u0103torirea celor 3 ani de activitate ai Asocia\u021biei Femeilor \u00een Inginerie, \u0218tiin\u021b\u0103 \u0219i Tehnologie, AFIST, \u00eentr-o loca\u021bie deosebit\u0103, Sala de Bal a Camerei de Comer\u021b \u0219i Industrie a Municipiului Bucure\u0219ti \u2013 CCIB. A fost un moment deosebit, plin de emo\u021bie \u0219i inspira\u021bie care ne-a f\u0103cut s\u0103 fim m\u00e2ndri de tot ce am reu\u0219it s\u0103 realiz\u0103m \u0219i de comunitatea pe care am construit-o \u00een ace\u0219ti ani!<\/p>\n\n\n\n<div class=\"wp-block-buttons is-layout-flex wp-block-buttons-is-layout-flex\">\n<div class=\"wp-block-button\"><a class=\"wp-block-button__link has-white-color has-vivid-green-cyan-background-color has-text-color has-background wp-element-button\" href=\"https:\/\/afist.ro\/en\/pasiune-si-progres-femei-care-inspira-domeniile-stem\/\" target=\"_blank\" rel=\"noreferrer noopener\">More<\/a><\/div>\n<\/div>\n\n\n\n<p><\/p>\n<\/div><\/div>\n\n\n\n<div class=\"wp-block-media-text alignwide is-stacked-on-mobile\"><figure class=\"wp-block-media-text__media\"><img loading=\"lazy\" decoding=\"async\" width=\"1080\" height=\"1350\" src=\"https:\/\/afist.ro\/wp-content\/uploads\/2023\/11\/IMG_4612.jpeg\" alt=\"\" class=\"wp-image-889 size-full\"\/><\/figure><div class=\"wp-block-media-text__content\">\n<p class=\"has-text-align-center has-white-color has-vivid-green-cyan-background-color has-text-color has-background\"><strong>22 noiembrie 2023<\/strong><\/p>\n\n\n\n<p>On Wednesday, November 22, 2023, the Association of Women in Engineering, Science, and Technology (AFIST) celebrated its \"Voices of Progress\" anniversary event at Otetele\u0219anu Manor in Bucharest. This event marked a significant milestone for AFIST, as it was not only a celebration of their first year since launching, but also a celebration of two years of remarkable activity. Additionally, it was a celebration of the National Day of the Romanian Researcher, making it a memorable occasion for all in attendance.<\/p>\n\n\n\n<div class=\"wp-block-buttons is-layout-flex wp-block-buttons-is-layout-flex\">\n<div class=\"wp-block-button\"><a class=\"wp-block-button__link has-white-color has-vivid-green-cyan-background-color has-text-color has-background wp-element-button\" href=\"https:\/\/afist.ro\/en\/activitati-sociale\/vocile-progresului\/\" target=\"_blank\" rel=\"noreferrer noopener\">More<\/a><\/div>\n<\/div>\n<\/div><\/div>\n\n\n\n<div class=\"wp-block-media-text alignwide is-stacked-on-mobile\"><figure class=\"wp-block-media-text__media\"><img loading=\"lazy\" decoding=\"async\" width=\"1080\" height=\"1350\" src=\"https:\/\/afist.ro\/wp-content\/uploads\/2023\/03\/336875196_157003073936776_5733029287275681665_n-1.jpg\" alt=\"\" class=\"wp-image-748 size-full\"\/><\/figure><div class=\"wp-block-media-text__content\">\n<p class=\"has-text-align-center has-white-color has-vivid-green-cyan-background-color has-text-color has-background\"><strong>29 martie 2023<\/strong><\/p>\n\n\n\n<p>Miercuri, 29 martie 2023, la Senatul Rom\u00e2niei a avut loc lansarea Programului de Mentorat AFIST 2023 &#8211; AIM for Inspiration and Success Through Mentorship organizat de AFIST.<\/p>\n\n\n\n<p>Transferul de cuno\u0219tin\u021be \u00eentre genera\u021bii \u0219i paradigma long life learning sunt esen\u021biale pentru evolu\u021bia de la universit\u0103\u021bile clasice la multiversit\u0103\u021bile viitorului. \u00cen acest sens, credem c\u0103 acest Program de Mentorat este o modalitate excelent\u0103 de a sprijini aceste idei \u0219i de a construi o comunitate de sprijin pentru tinerii din domeniile tehnice.<br>Am fost onora\u021bi s\u0103 primim oameni de succes care \u0219i-au \u00eemp\u0103rt\u0103\u0219it experien\u021bele \u0219i cuno\u0219tin\u021bele despre cum s\u0103 reu\u0219im \u00een lumea complex\u0103 \u0219i \u00een schimbare rapid\u0103 de ast\u0103zi. \u00cempreun\u0103, am creat o comunitate vibrant\u0103 de cursan\u021bi \u0219i lideri, care se sprijin\u0103 reciproc \u00een c\u0103l\u0103toria lor c\u0103tre succes.<\/p>\n\n\n\n<div class=\"wp-block-buttons is-layout-flex wp-block-buttons-is-layout-flex\">\n<div class=\"wp-block-button\"><a class=\"wp-block-button__link has-white-color has-vivid-green-cyan-background-color has-text-color has-background wp-element-button\" href=\"https:\/\/afist.ro\/en\/eveniment-lansare-program-de-mentorat\/\">More<\/a><\/div>\n<\/div>\n<\/div><\/div>\n\n\n\n<div class=\"wp-block-media-text alignwide is-stacked-on-mobile\"><figure class=\"wp-block-media-text__media\"><img loading=\"lazy\" decoding=\"async\" width=\"1080\" height=\"1350\" src=\"https:\/\/afist.ro\/wp-content\/uploads\/2023\/03\/330356339_505799278206353_6778104177292112488_n.jpg\" alt=\"\" class=\"wp-image-661 size-full\"\/><\/figure><div class=\"wp-block-media-text__content\">\n<p class=\"has-text-align-center has-white-color has-vivid-green-cyan-background-color has-text-color has-background\"><strong>22 martie 2023<\/strong><\/p>\n\n\n\n<p>In March, we had a delightful experience at Serata AFIST, where we had the honor of meeting Elena P\u00e2slaru - a vocational counselling expert, an accomplished trainer and facilitator of outstanding leadership and personal development programs at the Leaders Foundation.<\/p>\n\n\n\n<p>The evening will end with a jazz concert performed by A Theory of Harmony. The band started its activity about an hour and a half ago and is currently presented as a duo, the stable members and founders of the band being Matei Alexandru and C\u0103t\u0103lin Sima. The band's goal is to make good music that gladdens the hearts of as many people as possible.<\/p>\n\n\n\n<div class=\"wp-block-buttons is-layout-flex wp-block-buttons-is-layout-flex\">\n<div class=\"wp-block-button\"><a class=\"wp-block-button__link has-white-color has-vivid-green-cyan-background-color has-text-color has-background has-link-color wp-element-button\" href=\"https:\/\/afist.ro\/en\/serata-afist-22-martie-2023\/\">MAI MULTE<\/a><\/div>\n<\/div>\n<\/div><\/div>\n\n\n\n<div class=\"wp-block-media-text alignwide is-stacked-on-mobile\"><figure class=\"wp-block-media-text__media\"><img loading=\"lazy\" decoding=\"async\" width=\"1080\" height=\"864\" src=\"https:\/\/afist.ro\/wp-content\/uploads\/2023\/03\/334682905_464270029159361_5912055752823279467_n.jpg\" alt=\"\" class=\"wp-image-665 size-full\"\/><\/figure><div class=\"wp-block-media-text__content\">\n<p class=\"has-text-align-center has-white-color has-vivid-green-cyan-background-color has-text-color has-background\"><strong>8 martie 2023<\/strong><\/p>\n\n\n\n<p>The first month of spring is meant to celebrate women. AFIST's goal is to promote women as well as education, and today we celebrated women's day through small gestures that can change the future.<\/p>\n\n\n\n<p>We offered to students with good academic results and from disadvantaged backgrounds 8 tablets donated by <a href=\"https:\/\/www.facebook.com\/FundatiaAltex\/?__cft__[0]=AZWqeP_hRDlaCC-MmvZgkxoz5lPc111keLOICxq6-CEXIBfjVMETjf105NcBjKD837zOeUHB40iV6m31cAIeR4HaBzUN54cu2A_v44jiGDWd91Encrw2qqokF28doZc67Ww6QaNV7FqqcNjqyiM8BFlvE7xK3x-bdQQwtnSdWtJTNj31q0QMnZHiTHE_gM5pVGk&amp;__tn__=kK-R\">Funda\u021bia Altex<\/a>, our first partner in the campaign \"Together with AFIST!\" and another 10 tablets donated by a sponsor who wishes to remain anonymous. Through this gesture, we tried to instill in the young women the desire to continue building a beautiful future through education and, at the same time, to feel supported in this regard.<\/p>\n\n\n\n<div class=\"wp-block-buttons is-layout-flex wp-block-buttons-is-layout-flex\">\n<div class=\"wp-block-button\"><a class=\"wp-block-button__link has-white-color has-vivid-green-cyan-background-color has-text-color has-background wp-element-button\" href=\"https:\/\/afist.ro\/en\/together-with-afist\/\">More<\/a><\/div>\n<\/div>\n<\/div><\/div>\n\n\n\n<div class=\"wp-block-media-text alignwide is-stacked-on-mobile\"><figure class=\"wp-block-media-text__media\"><img loading=\"lazy\" decoding=\"async\" width=\"1440\" height=\"1800\" src=\"https:\/\/afist.ro\/wp-content\/uploads\/2023\/02\/329763136_611245200745037_7413499438644023410_n.jpg\" alt=\"\" class=\"wp-image-561 size-full\"\/><\/figure><div class=\"wp-block-media-text__content\">\n<p class=\"has-text-align-center has-white-color has-vivid-green-cyan-background-color has-text-color has-background\"><strong>15 februarie 2023<\/strong><\/p>\n\n\n\n<p>On the occasion of the International Day of Women in Science, the Association of Women in Engineering, Science, and Technology (AFIST) proudly organized and hosted an event to mark the importance of the role of women in the scientific and technological community and to draw attention to the needed support in this direction. Science, Engineering, and Technology are the main tools for each society to advance toward sustainable development, and the main purpose of this event was to highlight the incredible achievements of women in the fields of science, engineering, and technology and the importance of involving as many parties as possible from different backgrounds and varied skills and experiences.<\/p>\n\n\n\n<p>The event was a crowning of inspiration, knowledge exchange, and artistic expression.<\/p>\n\n\n\n<div class=\"wp-block-buttons is-layout-flex wp-block-buttons-is-layout-flex\">\n<div class=\"wp-block-button\"><a class=\"wp-block-button__link has-white-color has-vivid-green-cyan-background-color has-text-color has-background has-link-color wp-element-button\" href=\"https:\/\/afist.ro\/en\/serata-afist-15-februarie-2023\/\" target=\"_blank\" rel=\"noreferrer noopener\">MAI MULTE<\/a><\/div>\n<\/div>\n<\/div><\/div>\n\n\n\n<div class=\"wp-block-media-text alignwide is-stacked-on-mobile\"><figure class=\"wp-block-media-text__media\"><img loading=\"lazy\" decoding=\"async\" width=\"1080\" height=\"1350\" src=\"https:\/\/afist.ro\/wp-content\/uploads\/2023\/02\/323441897_9265042516846739_4864238672925731685_n.jpg\" alt=\"\" class=\"wp-image-562 size-full\"\/><\/figure><div class=\"wp-block-media-text__content\">\n<p class=\"has-text-align-center has-white-color has-vivid-green-cyan-background-color has-text-color has-background\"><strong>25 ianuarie 2023<\/strong><\/p>\n\n\n\n<p>Our first Serata AFIST of the year was in January and it was an accumulation of energy, joy and excitement. During the AFIST evening, we had the pleasure to have Daniel B\u0103lan, semi-finalist of Romanians Voice, as our guest, who delighted us.<\/p>\n\n\n\n<p>In addition to his musical talent, Daniel also shares his passion for being a geography teacher, conveying this passion to his students, which is reflected in the exceptional results they have achieved over the years in national competitions and Olympiads.<\/p>\n\n\n\n<div class=\"wp-block-buttons is-layout-flex wp-block-buttons-is-layout-flex\">\n<div class=\"wp-block-button\"><a class=\"wp-block-button__link has-white-color has-vivid-green-cyan-background-color has-text-color has-background has-link-color wp-element-button\" href=\"https:\/\/afist.ro\/en\/serata-afist-25-ianuarie-2023\/\">MAI MULTE<\/a><\/div>\n<\/div>\n<\/div><\/div>\n\n\n\n<div class=\"wp-block-media-text alignwide is-stacked-on-mobile\"><figure class=\"wp-block-media-text__media\"><img loading=\"lazy\" decoding=\"async\" width=\"1080\" height=\"1350\" src=\"https:\/\/afist.ro\/wp-content\/uploads\/2023\/02\/316408444_175040111779761_1113728502418618036_n.jpg\" alt=\"\" class=\"wp-image-563 size-full\"\/><\/figure><div class=\"wp-block-media-text__content\">\n<p class=\"has-text-align-center has-white-color has-vivid-green-cyan-background-color has-text-color has-background\"><strong>9 decembrie 2022<\/strong><\/p>\n\n\n\n<p class=\" translation-block\">Have you thought about a night of dancing? Or maybe an outing to the theater with friends? Or just leave the everyday and transform yourself into a setting that combines art and knowledge?\nWe invite you to the AFIST Evening! A story atmosphere, which will gather us every month through music, dance, board games, magic numbers and theater. And the list goes on..\nBecause we want to thank you for choosing to be part of our community, we invite you to get to know us and witness an artistic moment supported by choreographer Laura Andrei. Always looking for new experiences, Laura started dancing at the age of 4, graduating from the \"Floria Capsali\" Choreography High School in Bucharest where she studied Vaganova classical dance technique, folk dance, character dance and classical dance.\nLaura has many artistic collaborations, she has numerous involvements in musicals, contemporary dance shows, as well as on television. Currently, she is a choreographer, a dance and movement teacher, as well as a fitness-ballet instructor.<\/p>\n<\/div><\/div>\n\n\n\n<div class=\"wp-block-media-text alignwide is-stacked-on-mobile\"><figure class=\"wp-block-media-text__media\"><img loading=\"lazy\" decoding=\"async\" width=\"1440\" height=\"1800\" src=\"https:\/\/afist.ro\/wp-content\/uploads\/2022\/12\/313433233_172462685370837_1178781051962395781_n.jpg\" alt=\"\" class=\"wp-image-369 size-full\"\/><\/figure><div class=\"wp-block-media-text__content\">\n<p class=\"has-text-align-center has-white-color has-vivid-green-cyan-background-color has-text-color has-background\"><strong>25 noiembrie 2022<\/strong><\/p>\n\n\n\n<p><strong>AFIST launching events<\/strong><\/p>\n\n\n\n<p>On Friday 25 November 2022, the official launch event of the Association of Women in Engineering, Science and Technology took place. The theme of the event was \"Supporting and Empowering Women Through Education\" and addressed the level of education in Romania, i.e. the field and STEM women, as well as responsible investment in human resources for sustainable development through education.<\/p>\n\n\n\n<div class=\"wp-block-buttons is-layout-flex wp-block-buttons-is-layout-flex\">\n<div class=\"wp-block-button\"><a class=\"wp-block-button__link has-white-color has-vivid-green-cyan-background-color has-text-color has-background wp-element-button\" href=\"https:\/\/afist.ro\/en\/eveniment-lansare-afist\/\">More<\/a><\/div>\n<\/div>\n<\/div><\/div>","protected":false},"excerpt":{"rendered":"<p>Descoperi\u021bi cum evenimentele organizate de AFIST pot ajuta la conturarea unei comunit\u0103\u021bi de sprijin pentru femeile \u0219i studen\u021bii din domeniul STEM. \u00cen cadrul&hellip;<a href=\"https:\/\/afist.ro\/en\/activitati-sociale\/\" class=\"more-link\"><span class=\"more-button\">More<span class=\"screen-reader-text\">Social Activities<\/span><\/span><\/a><\/p>","protected":false},"author":1,"featured_media":0,"parent":0,"menu_order":0,"comment_status":"closed","ping_status":"closed","template":"","meta":{"ngg_post_thumbnail":0,"footnotes":""},"class_list":["post-557","page","type-page","status-publish","hentry"],"_links":{"self":[{"href":"https:\/\/afist.ro\/en\/wp-json\/wp\/v2\/pages\/557","targetHints":{"allow":["GET"]}}],"collection":[{"href":"https:\/\/afist.ro\/en\/wp-json\/wp\/v2\/pages"}],"about":[{"href":"https:\/\/afist.ro\/en\/wp-json\/wp\/v2\/types\/page"}],"author":[{"embeddable":true,"href":"https:\/\/afist.ro\/en\/wp-json\/wp\/v2\/users\/1"}],"replies":[{"embeddable":true,"href":"https:\/\/afist.ro\/en\/wp-json\/wp\/v2\/comments?post=557"}],"version-history":[{"count":20,"href":"https:\/\/afist.ro\/en\/wp-json\/wp\/v2\/pages\/557\/revisions"}],"predecessor-version":[{"id":1250,"href":"https:\/\/afist.ro\/en\/wp-json\/wp\/v2\/pages\/557\/revisions\/1250"}],"wp:attachment":[{"href":"https:\/\/afist.ro\/en\/wp-json\/wp\/v2\/media?parent=557"}],"curies":[{"name":"wp","href":"https:\/\/api.w.org\/{rel}","templated":true}]}}