{"id":666,"date":"2023-03-23T17:50:25","date_gmt":"2023-03-23T17:50:25","guid":{"rendered":"https:\/\/afist.ro\/?page_id=666"},"modified":"2023-03-23T17:50:25","modified_gmt":"2023-03-23T17:50:25","slug":"together-with-afist","status":"publish","type":"page","link":"https:\/\/afist.ro\/en\/together-with-afist\/","title":{"rendered":"Together with AFIST"},"content":{"rendered":"<p>The first month of spring is meant to celebrate women. AFIST's goal is to promote women as well as education, and today we celebrated women's day through small gestures that can change the future.<\/p>\n\n\n\n<p>We offered to students with good academic results and from disadvantaged backgrounds 8 tablets donated by <a href=\"https:\/\/www.facebook.com\/FundatiaAltex\/?__cft__[0]=AZWqeP_hRDlaCC-MmvZgkxoz5lPc111keLOICxq6-CEXIBfjVMETjf105NcBjKD837zOeUHB40iV6m31cAIeR4HaBzUN54cu2A_v44jiGDWd91Encrw2qqokF28doZc67Ww6QaNV7FqqcNjqyiM8BFlvE7xK3x-bdQQwtnSdWtJTNj31q0QMnZHiTHE_gM5pVGk&amp;__tn__=kK-R\">Funda\u021bia Altex<\/a>, our first partner in the campaign \"Together with AFIST!\" and another 10 tablets donated by a sponsor who wishes to remain anonymous. Through this gesture, we tried to instill in the young women the desire to continue building a beautiful future through education and, at the same time, to feel supported in this regard.<\/p>\n\n\n\n<p>Campania noastr\u0103 continu\u0103 cu noi surprize p\u00e2n\u0103 la finalul acestei luni, deoarece ne dorim s\u0103 aducem z\u00e2mbetul pe buze pentru 8000 de fete din Rom\u00e2nia. Dac\u0103 \u00ee\u021bi dore\u0219ti s\u0103 fii \u0219i tu parte a acestei campanii care promoveaz\u0103 sus\u021binerea \u0219i educarea tinerei genera\u021bii te poti al\u0103tura don\u00e2nd:<\/p>\n\n\n\n<p>-Ca persoan\u0103 fizic\u0103 direct \u00een contul AFIST: RO04BTRLRONCRT0608628801, cu men\u021biunea dona\u021bie martie\/ 8000 de cadouri pentru 8000 de fete;<\/p>\n\n\n\n<p>-Ca persoan\u0103 juridic\u0103, contact\u00e2ndu-ne pe mail la contact@afist.ro.<\/p>\n\n\n\n<p>AFIST v\u0103 ureaz\u0103 o prim\u0103var\u0103 frumoas\u0103 and don\u2019t forget: our succes is your legacy!<\/p>\n\n\n\n<p><\/p>\n\n\n\n<div class=\"wp-block-buttons is-content-justification-center is-layout-flex wp-container-core-buttons-is-layout-16018d1d wp-block-buttons-is-layout-flex\">\n<div class=\"wp-block-button has-custom-width wp-block-button__width-75 has-custom-font-size is-style-outline has-small-font-size is-style-outline--1\"><a class=\"wp-block-button__link has-white-color has-vivid-green-cyan-background-color has-text-color has-background wp-element-button\" href=\"https:\/\/donate.stripe.com\/8wMcQi7wH2ue1GM289\" style=\"border-radius:26px\">Donate!<\/a><\/div>\n<\/div>","protected":false},"excerpt":{"rendered":"<p>Prima lun\u0103 a prim\u0103verii este destinat\u0103 s\u0103rb\u0103toririi femeilor. Scopul AFIST este acela de a promova femeile, c\u00e2t \u0219i educa\u021bia, iar ast\u0103zi am s\u0103rb\u0103torit&hellip;<a href=\"https:\/\/afist.ro\/en\/together-with-afist\/\" class=\"more-link\"><span class=\"more-button\">More<span class=\"screen-reader-text\">Together with AFIST<\/span><\/span><\/a><\/p>","protected":false},"author":1,"featured_media":0,"parent":0,"menu_order":0,"comment_status":"closed","ping_status":"closed","template":"","meta":{"ngg_post_thumbnail":0,"footnotes":""},"class_list":["post-666","page","type-page","status-publish","hentry"],"_links":{"self":[{"href":"https:\/\/afist.ro\/en\/wp-json\/wp\/v2\/pages\/666","targetHints":{"allow":["GET"]}}],"collection":[{"href":"https:\/\/afist.ro\/en\/wp-json\/wp\/v2\/pages"}],"about":[{"href":"https:\/\/afist.ro\/en\/wp-json\/wp\/v2\/types\/page"}],"author":[{"embeddable":true,"href":"https:\/\/afist.ro\/en\/wp-json\/wp\/v2\/users\/1"}],"replies":[{"embeddable":true,"href":"https:\/\/afist.ro\/en\/wp-json\/wp\/v2\/comments?post=666"}],"version-history":[{"count":1,"href":"https:\/\/afist.ro\/en\/wp-json\/wp\/v2\/pages\/666\/revisions"}],"predecessor-version":[{"id":667,"href":"https:\/\/afist.ro\/en\/wp-json\/wp\/v2\/pages\/666\/revisions\/667"}],"wp:attachment":[{"href":"https:\/\/afist.ro\/en\/wp-json\/wp\/v2\/media?parent=666"}],"curies":[{"name":"wp","href":"https:\/\/api.w.org\/{rel}","templated":true}]}}