{"id":871,"date":"2023-11-11T17:56:25","date_gmt":"2023-11-11T17:56:25","guid":{"rendered":"https:\/\/afist.ro\/?page_id=871"},"modified":"2023-12-07T23:48:25","modified_gmt":"2023-12-07T23:48:25","slug":"dose-of-science-engineering-and-tech","status":"publish","type":"page","link":"https:\/\/afist.ro\/en\/activitati-educationale\/dose-of-science-engineering-and-tech\/","title":{"rendered":"Dose of Science, Engineering and Tech"},"content":{"rendered":"<p>At AFIST we want to build a sustainable future, to outline viable development in a world where people from different backgrounds and with different abilities can become main actors in society, actively contributing to its continuous development.<\/p>\n\n\n\n<p class=\" translation-block\">Dose of Science, Engineering, and Tech is a program developed for young people, students, and not only, who want to invest in their professional careers. Through this program, we want to bring participants as close as possible to the reality of the field in which they want to work. This program is composed of events consisting of visits to different companies\/institutes in several fields of activity.<\/p>\n\n\n\n<p>The first visit of this program was to the Cernavod\u0103 Nuclear Power Plant (NPP) nuclear unit on February 28. In Romania, the only producer of energy of nuclear origin is represented by our partner, SN Nuclearelectrica (SNN). The participants were presented here what Candu technology is, Nuclearelectrica company, the activities of Cernavoda NPP, and what nuclear energy means. At the same time, they also visited the Full Scope Simulator and the control rooms of the two nuclear units.<\/p>\n\n\n\n<div class=\"wp-block-jetpack-tiled-gallery aligncenter is-style-rectangular\"><div class=\"tiled-gallery__gallery\"><div class=\"tiled-gallery__row\"><div class=\"tiled-gallery__col\" style=\"flex-basis:50.00000%\"><figure class=\"tiled-gallery__item\"><img decoding=\"async\" srcset=\"https:\/\/i0.wp.com\/afist.ro\/wp-content\/uploads\/2023\/12\/DSC00710-min.jpg?strip=info&#038;w=600&#038;ssl=1 600w,https:\/\/i0.wp.com\/afist.ro\/wp-content\/uploads\/2023\/12\/DSC00710-min.jpg?strip=info&#038;w=900&#038;ssl=1 900w,https:\/\/i0.wp.com\/afist.ro\/wp-content\/uploads\/2023\/12\/DSC00710-min.jpg?strip=info&#038;w=1200&#038;ssl=1 1200w,https:\/\/i0.wp.com\/afist.ro\/wp-content\/uploads\/2023\/12\/DSC00710-min.jpg?strip=info&#038;w=1500&#038;ssl=1 1500w,https:\/\/i0.wp.com\/afist.ro\/wp-content\/uploads\/2023\/12\/DSC00710-min.jpg?strip=info&#038;w=1800&#038;ssl=1 1800w,https:\/\/i0.wp.com\/afist.ro\/wp-content\/uploads\/2023\/12\/DSC00710-min.jpg?strip=info&#038;w=2000&#038;ssl=1 2000w\" alt=\"\" data-height=\"2624\" data-id=\"1046\" data-link=\"https:\/\/afist.ro\/activitati-educationale\/dose-of-science-engineering-and-tech\/dsc00710-min\/\" data-url=\"https:\/\/afist.ro\/wp-content\/uploads\/2023\/12\/DSC00710-min.jpg\" data-width=\"3936\" src=\"https:\/\/i0.wp.com\/afist.ro\/wp-content\/uploads\/2023\/12\/DSC00710-min.jpg?ssl=1\" data-amp-layout=\"responsive\"\/><\/figure><\/div><div class=\"tiled-gallery__col\" style=\"flex-basis:50.00000%\"><figure class=\"tiled-gallery__item\"><img decoding=\"async\" srcset=\"https:\/\/i1.wp.com\/afist.ro\/wp-content\/uploads\/2023\/12\/DSC00719-min.jpg?strip=info&#038;w=600&#038;ssl=1 600w,https:\/\/i1.wp.com\/afist.ro\/wp-content\/uploads\/2023\/12\/DSC00719-min.jpg?strip=info&#038;w=900&#038;ssl=1 900w,https:\/\/i1.wp.com\/afist.ro\/wp-content\/uploads\/2023\/12\/DSC00719-min.jpg?strip=info&#038;w=1200&#038;ssl=1 1200w,https:\/\/i1.wp.com\/afist.ro\/wp-content\/uploads\/2023\/12\/DSC00719-min.jpg?strip=info&#038;w=1500&#038;ssl=1 1500w,https:\/\/i1.wp.com\/afist.ro\/wp-content\/uploads\/2023\/12\/DSC00719-min.jpg?strip=info&#038;w=1800&#038;ssl=1 1800w,https:\/\/i1.wp.com\/afist.ro\/wp-content\/uploads\/2023\/12\/DSC00719-min.jpg?strip=info&#038;w=2000&#038;ssl=1 2000w\" alt=\"\" data-height=\"2624\" data-id=\"1047\" data-link=\"https:\/\/afist.ro\/activitati-educationale\/dose-of-science-engineering-and-tech\/dsc00719-min\/\" data-url=\"https:\/\/afist.ro\/wp-content\/uploads\/2023\/12\/DSC00719-min.jpg\" data-width=\"3936\" src=\"https:\/\/i1.wp.com\/afist.ro\/wp-content\/uploads\/2023\/12\/DSC00719-min.jpg?ssl=1\" data-amp-layout=\"responsive\"\/><\/figure><\/div><\/div><\/div><\/div>\n\n\n\n<p>The event was a real success, in which participants eager for knowledge made connections with people in the field they are passionate about and are interested in. This is apparent from their feedback which you can see below:<\/p>\n\n\n\n<p><\/p>\n\n\n\n<blockquote class=\"wp-block-quote has-medium-font-size is-layout-flow wp-block-quote-is-layout-flow\">\n<p class=\"has-medium-font-size\">It was a very interesting experience from which I learned many new things. It's something I've wanted to do for a very long time because I'm interested in nuclear physics, but I haven't had the opportunity before.<\/p>\n<\/blockquote>\n\n\n\n<blockquote class=\"wp-block-quote has-medium-font-size is-layout-flow wp-block-quote-is-layout-flow\">\n<p><em>I liked the organization and the idea of visiting some places that were not so easy to access. Overall, a brilliant experience.<\/em><\/p>\n<\/blockquote>\n\n\n\n<blockquote class=\"wp-block-quote has-medium-font-size is-layout-flow wp-block-quote-is-layout-flow\">\n<p><em>The experience was very nice. The coordinators were very involved, and I am glad that I had the opportunity to meet them. The visit was very well organized, I will participate in other events organized by this association!<\/em><\/p>\n<\/blockquote>\n\n\n\n<blockquote class=\"wp-block-quote has-medium-font-size is-layout-flow wp-block-quote-is-layout-flow\">\n<p><em>It was pleasant and interesting with the AFIST team. The team members warmly guided us and welcomed us. Also, they presented us the future projects they are preparing. The proposal to go to the Power Plant was welcomed because I\u2019m a student at the Polytechnic, Faculty of Electrical Engineering and I\u2019m interested in this field. Although I still don't know what the future holds, this experience certainly gave me food for thought.<\/em><\/p>\n<\/blockquote>\n\n\n\n<blockquote class=\"wp-block-quote has-medium-font-size is-layout-flow wp-block-quote-is-layout-flow\">\n<p><em>It was an amazing experience. I learned a lot of things, and I started telling everyone about the things I saw.<\/em><\/p>\n<\/blockquote>\n\n\n\n<p><\/p>\n\n\n\n<p>AFIST wants to invest in people and show them as closely as possible a wide range of fields of activity in places that are not accessible to the general public, but which are an essential pillar of their field. We thank all participants in this event, as well as our partners from SNN!!<\/p>\n\n\n\n<p class=\"has-text-align-center\"><strong>Keep an eye on us for other interesting visits!<\/strong><\/p>\n\n\n\n<div class=\"wp-block-jetpack-tiled-gallery aligncenter is-style-rectangular\"><div class=\"tiled-gallery__gallery\"><div class=\"tiled-gallery__row\"><div class=\"tiled-gallery__col\" style=\"flex-basis:66.76118%\"><figure class=\"tiled-gallery__item\"><img decoding=\"async\" srcset=\"https:\/\/i0.wp.com\/afist.ro\/wp-content\/uploads\/2023\/12\/DSC00690-min.jpg?strip=info&#038;w=600&#038;ssl=1 600w,https:\/\/i0.wp.com\/afist.ro\/wp-content\/uploads\/2023\/12\/DSC00690-min.jpg?strip=info&#038;w=900&#038;ssl=1 900w,https:\/\/i0.wp.com\/afist.ro\/wp-content\/uploads\/2023\/12\/DSC00690-min.jpg?strip=info&#038;w=1200&#038;ssl=1 1200w,https:\/\/i0.wp.com\/afist.ro\/wp-content\/uploads\/2023\/12\/DSC00690-min.jpg?strip=info&#038;w=1500&#038;ssl=1 1500w,https:\/\/i0.wp.com\/afist.ro\/wp-content\/uploads\/2023\/12\/DSC00690-min.jpg?strip=info&#038;w=1800&#038;ssl=1 1800w,https:\/\/i0.wp.com\/afist.ro\/wp-content\/uploads\/2023\/12\/DSC00690-min.jpg?strip=info&#038;w=2000&#038;ssl=1 2000w\" alt=\"\" data-height=\"2624\" data-id=\"1048\" data-link=\"https:\/\/afist.ro\/activitati-educationale\/dose-of-science-engineering-and-tech\/dsc00690-min\/\" data-url=\"https:\/\/afist.ro\/wp-content\/uploads\/2023\/12\/DSC00690-min.jpg\" data-width=\"3936\" src=\"https:\/\/i0.wp.com\/afist.ro\/wp-content\/uploads\/2023\/12\/DSC00690-min.jpg?ssl=1\" data-amp-layout=\"responsive\"\/><\/figure><\/div><div class=\"tiled-gallery__col\" style=\"flex-basis:33.23882%\"><figure class=\"tiled-gallery__item\"><img decoding=\"async\" srcset=\"https:\/\/i1.wp.com\/afist.ro\/wp-content\/uploads\/2023\/12\/DSC00713-min.jpg?strip=info&#038;w=600&#038;ssl=1 600w,https:\/\/i1.wp.com\/afist.ro\/wp-content\/uploads\/2023\/12\/DSC00713-min.jpg?strip=info&#038;w=900&#038;ssl=1 900w,https:\/\/i1.wp.com\/afist.ro\/wp-content\/uploads\/2023\/12\/DSC00713-min.jpg?strip=info&#038;w=1200&#038;ssl=1 1200w,https:\/\/i1.wp.com\/afist.ro\/wp-content\/uploads\/2023\/12\/DSC00713-min.jpg?strip=info&#038;w=1500&#038;ssl=1 1500w,https:\/\/i1.wp.com\/afist.ro\/wp-content\/uploads\/2023\/12\/DSC00713-min.jpg?strip=info&#038;w=1800&#038;ssl=1 1800w,https:\/\/i1.wp.com\/afist.ro\/wp-content\/uploads\/2023\/12\/DSC00713-min.jpg?strip=info&#038;w=2000&#038;ssl=1 2000w\" alt=\"\" data-height=\"2624\" data-id=\"1049\" data-link=\"https:\/\/afist.ro\/activitati-educationale\/dose-of-science-engineering-and-tech\/dsc00713-min\/\" data-url=\"https:\/\/afist.ro\/wp-content\/uploads\/2023\/12\/DSC00713-min.jpg\" data-width=\"3936\" src=\"https:\/\/i1.wp.com\/afist.ro\/wp-content\/uploads\/2023\/12\/DSC00713-min.jpg?ssl=1\" data-amp-layout=\"responsive\"\/><\/figure><figure class=\"tiled-gallery__item\"><img decoding=\"async\" srcset=\"https:\/\/i0.wp.com\/afist.ro\/wp-content\/uploads\/2023\/12\/DSC00724-min.jpg?strip=info&#038;w=600&#038;ssl=1 600w,https:\/\/i0.wp.com\/afist.ro\/wp-content\/uploads\/2023\/12\/DSC00724-min.jpg?strip=info&#038;w=900&#038;ssl=1 900w,https:\/\/i0.wp.com\/afist.ro\/wp-content\/uploads\/2023\/12\/DSC00724-min.jpg?strip=info&#038;w=1200&#038;ssl=1 1200w,https:\/\/i0.wp.com\/afist.ro\/wp-content\/uploads\/2023\/12\/DSC00724-min.jpg?strip=info&#038;w=1500&#038;ssl=1 1500w,https:\/\/i0.wp.com\/afist.ro\/wp-content\/uploads\/2023\/12\/DSC00724-min.jpg?strip=info&#038;w=1800&#038;ssl=1 1800w,https:\/\/i0.wp.com\/afist.ro\/wp-content\/uploads\/2023\/12\/DSC00724-min.jpg?strip=info&#038;w=2000&#038;ssl=1 2000w\" alt=\"\" data-height=\"2624\" data-id=\"1050\" data-link=\"https:\/\/afist.ro\/activitati-educationale\/dose-of-science-engineering-and-tech\/dsc00724-min\/\" data-url=\"https:\/\/afist.ro\/wp-content\/uploads\/2023\/12\/DSC00724-min.jpg\" data-width=\"3936\" src=\"https:\/\/i0.wp.com\/afist.ro\/wp-content\/uploads\/2023\/12\/DSC00724-min.jpg?ssl=1\" data-amp-layout=\"responsive\"\/><\/figure><\/div><\/div><div class=\"tiled-gallery__row\"><div class=\"tiled-gallery__col\" style=\"flex-basis:33.33333%\"><figure class=\"tiled-gallery__item\"><img decoding=\"async\" srcset=\"https:\/\/i2.wp.com\/afist.ro\/wp-content\/uploads\/2023\/12\/DSC00745-min.jpg?strip=info&#038;w=600&#038;ssl=1 600w,https:\/\/i2.wp.com\/afist.ro\/wp-content\/uploads\/2023\/12\/DSC00745-min.jpg?strip=info&#038;w=900&#038;ssl=1 900w,https:\/\/i2.wp.com\/afist.ro\/wp-content\/uploads\/2023\/12\/DSC00745-min.jpg?strip=info&#038;w=1200&#038;ssl=1 1200w,https:\/\/i2.wp.com\/afist.ro\/wp-content\/uploads\/2023\/12\/DSC00745-min.jpg?strip=info&#038;w=1500&#038;ssl=1 1500w,https:\/\/i2.wp.com\/afist.ro\/wp-content\/uploads\/2023\/12\/DSC00745-min.jpg?strip=info&#038;w=1800&#038;ssl=1 1800w,https:\/\/i2.wp.com\/afist.ro\/wp-content\/uploads\/2023\/12\/DSC00745-min.jpg?strip=info&#038;w=2000&#038;ssl=1 2000w\" alt=\"\" data-height=\"2624\" data-id=\"1051\" data-link=\"https:\/\/afist.ro\/activitati-educationale\/dose-of-science-engineering-and-tech\/dsc00745-min\/\" data-url=\"https:\/\/afist.ro\/wp-content\/uploads\/2023\/12\/DSC00745-min.jpg\" data-width=\"3936\" src=\"https:\/\/i2.wp.com\/afist.ro\/wp-content\/uploads\/2023\/12\/DSC00745-min.jpg?ssl=1\" data-amp-layout=\"responsive\"\/><\/figure><\/div><div class=\"tiled-gallery__col\" style=\"flex-basis:33.33333%\"><figure class=\"tiled-gallery__item\"><img decoding=\"async\" srcset=\"https:\/\/i1.wp.com\/afist.ro\/wp-content\/uploads\/2023\/12\/DSC00751-min.jpg?strip=info&#038;w=600&#038;ssl=1 600w,https:\/\/i1.wp.com\/afist.ro\/wp-content\/uploads\/2023\/12\/DSC00751-min.jpg?strip=info&#038;w=900&#038;ssl=1 900w,https:\/\/i1.wp.com\/afist.ro\/wp-content\/uploads\/2023\/12\/DSC00751-min.jpg?strip=info&#038;w=1200&#038;ssl=1 1200w,https:\/\/i1.wp.com\/afist.ro\/wp-content\/uploads\/2023\/12\/DSC00751-min.jpg?strip=info&#038;w=1500&#038;ssl=1 1500w,https:\/\/i1.wp.com\/afist.ro\/wp-content\/uploads\/2023\/12\/DSC00751-min.jpg?strip=info&#038;w=1800&#038;ssl=1 1800w,https:\/\/i1.wp.com\/afist.ro\/wp-content\/uploads\/2023\/12\/DSC00751-min.jpg?strip=info&#038;w=2000&#038;ssl=1 2000w\" alt=\"\" data-height=\"2624\" data-id=\"1052\" data-link=\"https:\/\/afist.ro\/activitati-educationale\/dose-of-science-engineering-and-tech\/dsc00751-min\/\" data-url=\"https:\/\/afist.ro\/wp-content\/uploads\/2023\/12\/DSC00751-min.jpg\" data-width=\"3936\" src=\"https:\/\/i1.wp.com\/afist.ro\/wp-content\/uploads\/2023\/12\/DSC00751-min.jpg?ssl=1\" data-amp-layout=\"responsive\"\/><\/figure><\/div><div class=\"tiled-gallery__col\" style=\"flex-basis:33.33333%\"><figure class=\"tiled-gallery__item\"><img decoding=\"async\" srcset=\"https:\/\/i0.wp.com\/afist.ro\/wp-content\/uploads\/2023\/12\/DSC00763-min.jpg?strip=info&#038;w=600&#038;ssl=1 600w,https:\/\/i0.wp.com\/afist.ro\/wp-content\/uploads\/2023\/12\/DSC00763-min.jpg?strip=info&#038;w=900&#038;ssl=1 900w,https:\/\/i0.wp.com\/afist.ro\/wp-content\/uploads\/2023\/12\/DSC00763-min.jpg?strip=info&#038;w=1200&#038;ssl=1 1200w,https:\/\/i0.wp.com\/afist.ro\/wp-content\/uploads\/2023\/12\/DSC00763-min.jpg?strip=info&#038;w=1500&#038;ssl=1 1500w,https:\/\/i0.wp.com\/afist.ro\/wp-content\/uploads\/2023\/12\/DSC00763-min.jpg?strip=info&#038;w=1800&#038;ssl=1 1800w,https:\/\/i0.wp.com\/afist.ro\/wp-content\/uploads\/2023\/12\/DSC00763-min.jpg?strip=info&#038;w=2000&#038;ssl=1 2000w\" alt=\"\" data-height=\"2624\" data-id=\"1053\" data-link=\"https:\/\/afist.ro\/activitati-educationale\/dose-of-science-engineering-and-tech\/dsc00763-min\/\" data-url=\"https:\/\/afist.ro\/wp-content\/uploads\/2023\/12\/DSC00763-min.jpg\" data-width=\"3936\" src=\"https:\/\/i0.wp.com\/afist.ro\/wp-content\/uploads\/2023\/12\/DSC00763-min.jpg?ssl=1\" data-amp-layout=\"responsive\"\/><\/figure><\/div><\/div><\/div><\/div>","protected":false},"excerpt":{"rendered":"<p>La AFIST ne dorim s\u0103 cl\u0103dim un viitor sustenabil, s\u0103 contur\u0103m o dezvoltare durabil\u0103 \u00eentr-o lume unde oamenii din medii diferite \u0219i cu&hellip;<a href=\"https:\/\/afist.ro\/en\/activitati-educationale\/dose-of-science-engineering-and-tech\/\" class=\"more-link\"><span class=\"more-button\">More<span class=\"screen-reader-text\">Dose of Science, Engineering and Tech<\/span><\/span><\/a><\/p>","protected":false},"author":1,"featured_media":0,"parent":10,"menu_order":0,"comment_status":"closed","ping_status":"closed","template":"","meta":{"ngg_post_thumbnail":0,"footnotes":""},"class_list":["post-871","page","type-page","status-publish","hentry"],"_links":{"self":[{"href":"https:\/\/afist.ro\/en\/wp-json\/wp\/v2\/pages\/871","targetHints":{"allow":["GET"]}}],"collection":[{"href":"https:\/\/afist.ro\/en\/wp-json\/wp\/v2\/pages"}],"about":[{"href":"https:\/\/afist.ro\/en\/wp-json\/wp\/v2\/types\/page"}],"author":[{"embeddable":true,"href":"https:\/\/afist.ro\/en\/wp-json\/wp\/v2\/users\/1"}],"replies":[{"embeddable":true,"href":"https:\/\/afist.ro\/en\/wp-json\/wp\/v2\/comments?post=871"}],"version-history":[{"count":5,"href":"https:\/\/afist.ro\/en\/wp-json\/wp\/v2\/pages\/871\/revisions"}],"predecessor-version":[{"id":1054,"href":"https:\/\/afist.ro\/en\/wp-json\/wp\/v2\/pages\/871\/revisions\/1054"}],"up":[{"embeddable":true,"href":"https:\/\/afist.ro\/en\/wp-json\/wp\/v2\/pages\/10"}],"wp:attachment":[{"href":"https:\/\/afist.ro\/en\/wp-json\/wp\/v2\/media?parent=871"}],"curies":[{"name":"wp","href":"https:\/\/api.w.org\/{rel}","templated":true}]}}